{"id":296269,"date":"2024-05-09T14:07:03","date_gmt":"2024-05-09T17:07:03","guid":{"rendered":"https:\/\/www.livrariarema.com.br\/loja\/produtos\/sem categoria\/plano-divino-atraves-dos-seculos-o-n-lawrence-olson\/"},"modified":"2025-12-22T10:32:17","modified_gmt":"2025-12-22T13:32:17","slug":"plano-divino-atraves-dos-seculos-o-n-lawrence-olson","status":"publish","type":"product","link":"https:\/\/www.livrariarema.com.br\/loja\/produtos\/livros\/escatologia\/plano-divino-atraves-dos-seculos-o-n-lawrence-olson\/","title":{"rendered":"Plano Divino Atrav\u00e9s Dos S\u00e9culos, O &#8211; N. Lawrence Olson"},"content":{"rendered":"<p>Lendo este livro, voc\u00ea passar\u00e1 a entender melhor o plano que Deus estabeleceu para Israel, para a Igreja e para o mundo. Veja como voc\u00ea pode inserir-se neste maravilhoso plano.<\/p>\n","protected":false},"excerpt":{"rendered":"<p>Lendo este livro, voc\u00ea passar\u00e1 a entender melhor o plano que Deus estabeleceu para Israel, para a Igreja e para&hellip;<\/p>\n","protected":false},"featured_media":310911,"comment_status":"open","ping_status":"closed","template":"","meta":[],"product_cat":[208,134],"product_tag":[],"_links":{"self":[{"href":"https:\/\/www.livrariarema.com.br\/loja\/wp-json\/wp\/v2\/product\/296269"}],"collection":[{"href":"https:\/\/www.livrariarema.com.br\/loja\/wp-json\/wp\/v2\/product"}],"about":[{"href":"https:\/\/www.livrariarema.com.br\/loja\/wp-json\/wp\/v2\/types\/product"}],"replies":[{"embeddable":true,"href":"https:\/\/www.livrariarema.com.br\/loja\/wp-json\/wp\/v2\/comments?post=296269"}],"wp:featuredmedia":[{"embeddable":true,"href":"https:\/\/www.livrariarema.com.br\/loja\/wp-json\/wp\/v2\/media\/310911"}],"wp:attachment":[{"href":"https:\/\/www.livrariarema.com.br\/loja\/wp-json\/wp\/v2\/media?parent=296269"}],"wp:term":[{"taxonomy":"product_cat","embeddable":true,"href":"https:\/\/www.livrariarema.com.br\/loja\/wp-json\/wp\/v2\/product_cat?post=296269"},{"taxonomy":"product_tag","embeddable":true,"href":"https:\/\/www.livrariarema.com.br\/loja\/wp-json\/wp\/v2\/product_tag?post=296269"}],"curies":[{"name":"wp","href":"https:\/\/api.w.org\/{rel}","templated":true}]}}