{"id":296320,"date":"2024-05-09T14:11:28","date_gmt":"2024-05-09T17:11:28","guid":{"rendered":"https:\/\/www.livrariarema.com.br\/loja\/produtos\/sem categoria\/harpa-crista-media-popular-marrom\/"},"modified":"2026-01-21T11:40:59","modified_gmt":"2026-01-21T14:40:59","slug":"harpa-crista-media-popular-marrom","status":"publish","type":"product","link":"https:\/\/www.livrariarema.com.br\/loja\/produtos\/livros\/harpas\/harpa-crista-media-popular-marrom\/","title":{"rendered":"Harpa Crist\u00e3 M\u00e9dia Popular &#8211; Marrom"},"content":{"rendered":"<p>O hin\u00e1rio mais popular do pa\u00eds agora com layout moderno, nova capa e com pre\u00e7o ainda menor. Adore a Deus e sinta a presen\u00e7a do Esp\u00edrito Santo com os belos hinos da Harpa Crist\u00e3. Agora com lindos modelos para voc\u00ea colecionar ou presentear, com a qualidade e a tradi\u00e7\u00e3o que voc\u00ea j\u00e1 conhece!<\/p>\n","protected":false},"excerpt":{"rendered":"<p>O hin\u00e1rio mais popular do pa\u00eds agora com layout moderno, nova capa e com pre\u00e7o ainda menor. Adore a Deus&hellip;<\/p>\n","protected":false},"featured_media":327838,"comment_status":"open","ping_status":"closed","template":"","meta":[],"product_cat":[221,134],"product_tag":[],"_links":{"self":[{"href":"https:\/\/www.livrariarema.com.br\/loja\/wp-json\/wp\/v2\/product\/296320"}],"collection":[{"href":"https:\/\/www.livrariarema.com.br\/loja\/wp-json\/wp\/v2\/product"}],"about":[{"href":"https:\/\/www.livrariarema.com.br\/loja\/wp-json\/wp\/v2\/types\/product"}],"replies":[{"embeddable":true,"href":"https:\/\/www.livrariarema.com.br\/loja\/wp-json\/wp\/v2\/comments?post=296320"}],"wp:featuredmedia":[{"embeddable":true,"href":"https:\/\/www.livrariarema.com.br\/loja\/wp-json\/wp\/v2\/media\/327838"}],"wp:attachment":[{"href":"https:\/\/www.livrariarema.com.br\/loja\/wp-json\/wp\/v2\/media?parent=296320"}],"wp:term":[{"taxonomy":"product_cat","embeddable":true,"href":"https:\/\/www.livrariarema.com.br\/loja\/wp-json\/wp\/v2\/product_cat?post=296320"},{"taxonomy":"product_tag","embeddable":true,"href":"https:\/\/www.livrariarema.com.br\/loja\/wp-json\/wp\/v2\/product_tag?post=296320"}],"curies":[{"name":"wp","href":"https:\/\/api.w.org\/{rel}","templated":true}]}}