{"id":296342,"date":"2024-05-09T16:03:16","date_gmt":"2024-05-09T19:03:16","guid":{"rendered":"https:\/\/www.livrariarema.com.br\/loja\/produtos\/sem categoria\/maravilhas-da-criacao-as-louie-giglio\/"},"modified":"2026-03-11T15:11:24","modified_gmt":"2026-03-11T18:11:24","slug":"maravilhas-da-criacao-as-louie-giglio","status":"publish","type":"product","link":"https:\/\/www.livrariarema.com.br\/loja\/produtos\/livros\/devocional\/maravilhas-da-criacao-as-louie-giglio\/","title":{"rendered":"Maravilhas Da Cria\u00e7\u00e3o, As &#8211; Louie Giglio"},"content":{"rendered":"<p>Que mundo maravilhoso Deus fez! Voc\u00ea vai adorar esses 100 devocionais que incluem vers\u00edculos b\u00edblicos, ora\u00e7\u00f5es, atividades divertidas, e fotos incr\u00edveis, al\u00e9m da se\u00e7\u00e3o EXPLORE A MARAVILHA, que apresenta fatos cient\u00edficos alucinantes e edificantes da f\u00e9 sobre estes t\u00f3picos:<br \/>\n&#8211; ANIMAIS &#8211; Desde p\u00e1ssaros guias de mel at\u00e9 cobras voadoras e narvais.<br \/>\n&#8211; ESPA\u00c7O &#8211; De buracos negros a luas vulc\u00e2nicas e explos\u00f5es de raios gama.<br \/>\n&#8211; PESSOAS &#8211; Desde o por que ficamos com fome at\u00e9 como nossos pensamentos afetam nossos corpos para maneiras pelas quais podemos conversar sem palavras.<br \/>\n&#8211; TERRA &#8211; De rios de arco-\u00edris a lava azul e geleiras fluidas.<br \/>\nE muito, muito mais!<\/p>\n","protected":false},"excerpt":{"rendered":"<p>Que mundo maravilhoso Deus fez! Voc\u00ea vai adorar esses 100 devocionais que incluem vers\u00edculos b\u00edblicos, ora\u00e7\u00f5es, atividades divertidas, e fotos&hellip;<\/p>\n","protected":false},"featured_media":345582,"comment_status":"open","ping_status":"closed","template":"","meta":[],"product_cat":[158,134],"product_tag":[],"_links":{"self":[{"href":"https:\/\/www.livrariarema.com.br\/loja\/wp-json\/wp\/v2\/product\/296342"}],"collection":[{"href":"https:\/\/www.livrariarema.com.br\/loja\/wp-json\/wp\/v2\/product"}],"about":[{"href":"https:\/\/www.livrariarema.com.br\/loja\/wp-json\/wp\/v2\/types\/product"}],"replies":[{"embeddable":true,"href":"https:\/\/www.livrariarema.com.br\/loja\/wp-json\/wp\/v2\/comments?post=296342"}],"wp:featuredmedia":[{"embeddable":true,"href":"https:\/\/www.livrariarema.com.br\/loja\/wp-json\/wp\/v2\/media\/345582"}],"wp:attachment":[{"href":"https:\/\/www.livrariarema.com.br\/loja\/wp-json\/wp\/v2\/media?parent=296342"}],"wp:term":[{"taxonomy":"product_cat","embeddable":true,"href":"https:\/\/www.livrariarema.com.br\/loja\/wp-json\/wp\/v2\/product_cat?post=296342"},{"taxonomy":"product_tag","embeddable":true,"href":"https:\/\/www.livrariarema.com.br\/loja\/wp-json\/wp\/v2\/product_tag?post=296342"}],"curies":[{"name":"wp","href":"https:\/\/api.w.org\/{rel}","templated":true}]}}