{"id":296350,"date":"2024-05-09T16:04:05","date_gmt":"2024-05-09T19:04:05","guid":{"rendered":"https:\/\/www.livrariarema.com.br\/loja\/produtos\/sem categoria\/harpa-crista-grande-popular-preta\/"},"modified":"2025-09-10T17:52:43","modified_gmt":"2025-09-10T20:52:43","slug":"harpa-crista-grande-popular-preta","status":"publish","type":"product","link":"https:\/\/www.livrariarema.com.br\/loja\/produtos\/livros\/harpas\/harpa-crista-grande-popular-preta\/","title":{"rendered":"Harpa Crist\u00e3 Grande Popular &#8211; Preta"},"content":{"rendered":"<p>O hin\u00e1rio mais popular do pa\u00eds agora com layout moderno, nova capa e com pre\u00e7o ainda menor. Adore a Deus e sinta a presen\u00e7a do Esp\u00edrito Santo com os belos hinos da Harpa Crist\u00e3. Agora com lindos modelos para voc\u00ea colecionar ou presentear, com a qualidade e a tradi\u00e7\u00e3o que voc\u00ea j\u00e1 conhece!<\/p>\n","protected":false},"excerpt":{"rendered":"<p>O hin\u00e1rio mais popular do pa\u00eds agora com layout moderno, nova capa e com pre\u00e7o ainda menor. Adore a Deus&hellip;<\/p>\n","protected":false},"featured_media":335935,"comment_status":"open","ping_status":"closed","template":"","meta":[],"product_cat":[221,134],"product_tag":[],"_links":{"self":[{"href":"https:\/\/www.livrariarema.com.br\/loja\/wp-json\/wp\/v2\/product\/296350"}],"collection":[{"href":"https:\/\/www.livrariarema.com.br\/loja\/wp-json\/wp\/v2\/product"}],"about":[{"href":"https:\/\/www.livrariarema.com.br\/loja\/wp-json\/wp\/v2\/types\/product"}],"replies":[{"embeddable":true,"href":"https:\/\/www.livrariarema.com.br\/loja\/wp-json\/wp\/v2\/comments?post=296350"}],"wp:featuredmedia":[{"embeddable":true,"href":"https:\/\/www.livrariarema.com.br\/loja\/wp-json\/wp\/v2\/media\/335935"}],"wp:attachment":[{"href":"https:\/\/www.livrariarema.com.br\/loja\/wp-json\/wp\/v2\/media?parent=296350"}],"wp:term":[{"taxonomy":"product_cat","embeddable":true,"href":"https:\/\/www.livrariarema.com.br\/loja\/wp-json\/wp\/v2\/product_cat?post=296350"},{"taxonomy":"product_tag","embeddable":true,"href":"https:\/\/www.livrariarema.com.br\/loja\/wp-json\/wp\/v2\/product_tag?post=296350"}],"curies":[{"name":"wp","href":"https:\/\/api.w.org\/{rel}","templated":true}]}}