{"id":296369,"date":"2024-05-09T16:42:39","date_gmt":"2024-05-09T19:42:39","guid":{"rendered":"https:\/\/www.livrariarema.com.br\/loja\/produtos\/sem%20categoria\/contra-a-teologia-liberal-roger-e-olson\/"},"modified":"2024-08-29T09:24:13","modified_gmt":"2024-08-29T12:24:13","slug":"contra-a-teologia-liberal-roger-e-olson","status":"publish","type":"product","link":"https:\/\/www.livrariarema.com.br\/loja\/produtos\/livros\/teologia\/contra-a-teologia-liberal-roger-e-olson\/","title":{"rendered":"Contra A Teologia Liberal &#8211; Roger E. Olson"},"content":{"rendered":"<p>O Cristianismo liberal eleva a raz\u00e3o e a experi\u00eancia modernas ao n\u00edvel de fontes e normas que se sobrep\u00f5em \u00e0 B\u00edblia e \u00e0 tradi\u00e7\u00e3o crist\u00e3 ortodoxa. Para os crist\u00e3os liberais, a B\u00edblia \u00e9 o conjunto das &#8220;nossas hist\u00f3rias sagradas,&#8221; mas n\u00e3o \u00e9 sobrenaturalmente inspirada, nem infal\u00edvel &#8211; mesmo em quest\u00f5es de doutrina. Nessa obra, Escrita em um tom direto e coloquial, Olson adverte os crist\u00e3os contra a aceita\u00e7\u00e3o passiva dessa teologia pois ao se afastar do cristianismo hist\u00f3rico, cl\u00e1ssico e ortodoxo, tornou-se em uma religi\u00e3o totalmente diferente.<\/p>\n","protected":false},"excerpt":{"rendered":"<p>O Cristianismo liberal eleva a raz\u00e3o e a experi\u00eancia modernas ao n\u00edvel de fontes e normas que se sobrep\u00f5em \u00e0&hellip;<\/p>\n","protected":false},"featured_media":312882,"comment_status":"open","ping_status":"closed","template":"","meta":[],"product_cat":[134,136],"product_tag":[],"_links":{"self":[{"href":"https:\/\/www.livrariarema.com.br\/loja\/wp-json\/wp\/v2\/product\/296369"}],"collection":[{"href":"https:\/\/www.livrariarema.com.br\/loja\/wp-json\/wp\/v2\/product"}],"about":[{"href":"https:\/\/www.livrariarema.com.br\/loja\/wp-json\/wp\/v2\/types\/product"}],"replies":[{"embeddable":true,"href":"https:\/\/www.livrariarema.com.br\/loja\/wp-json\/wp\/v2\/comments?post=296369"}],"wp:featuredmedia":[{"embeddable":true,"href":"https:\/\/www.livrariarema.com.br\/loja\/wp-json\/wp\/v2\/media\/312882"}],"wp:attachment":[{"href":"https:\/\/www.livrariarema.com.br\/loja\/wp-json\/wp\/v2\/media?parent=296369"}],"wp:term":[{"taxonomy":"product_cat","embeddable":true,"href":"https:\/\/www.livrariarema.com.br\/loja\/wp-json\/wp\/v2\/product_cat?post=296369"},{"taxonomy":"product_tag","embeddable":true,"href":"https:\/\/www.livrariarema.com.br\/loja\/wp-json\/wp\/v2\/product_tag?post=296369"}],"curies":[{"name":"wp","href":"https:\/\/api.w.org\/{rel}","templated":true}]}}