{"id":296373,"date":"2024-05-09T16:42:55","date_gmt":"2024-05-09T19:42:55","guid":{"rendered":"https:\/\/www.livrariarema.com.br\/loja\/produtos\/sem categoria\/descanse-em-deus-joanna-weaver\/"},"modified":"2026-04-04T09:51:22","modified_gmt":"2026-04-04T12:51:22","slug":"descanse-em-deus-joanna-weaver","status":"publish","type":"product","link":"https:\/\/www.livrariarema.com.br\/loja\/produtos\/livros\/mulher\/descanse-em-deus-joanna-weaver\/","title":{"rendered":"Descanse Em Deus &#8211; Joanna Weaver"},"content":{"rendered":"<p>Abandonar o controle \u00e9 dif\u00edcil &#8211; a menos que nos apeguemos a algo maior. Viver em um mundo ca\u00eddo garante que todos n\u00f3s tenhamos problemas de confian\u00e7a em algum n\u00edvel. Coisas dif\u00edceis acontecem. As pessoas nos ferem. Amigos nos decepcionam. Sem perceber, nossos problemas de confian\u00e7a com as pessoas podem se tornar problemas de confian\u00e7a com Deus. Em Descanse em Deus, Joanna Weaver, autora best-seller de Como ter o Cora\u00e7\u00e3o de Maria no Mundo de Marta, compartilha sua pr\u00f3pria jornada e convida voc\u00ea a uma confian\u00e7a mais profunda em Deus. Por meio de hist\u00f3rias, escrituras e uma explora\u00e7\u00e3o da vida de Davi, voc\u00ea descobrir\u00e1 como cultivar uma amizade mais profunda e significativa com Jesus; deixar de lado as coisas que o impedem de confiar plenamente em Deus; construir uma f\u00e9 inabal\u00e1vel que permanece firme em tempos dif\u00edceis; deixar um legado de confian\u00e7a que aben\u00e7oa as gera\u00e7\u00f5es futuras.<\/p>\n","protected":false},"excerpt":{"rendered":"<p>Abandonar o controle \u00e9 dif\u00edcil &#8211; a menos que nos apeguemos a algo maior. Viver em um mundo ca\u00eddo garante&hellip;<\/p>\n","protected":false},"featured_media":345580,"comment_status":"open","ping_status":"closed","template":"","meta":[],"product_cat":[134,170],"product_tag":[],"_links":{"self":[{"href":"https:\/\/www.livrariarema.com.br\/loja\/wp-json\/wp\/v2\/product\/296373"}],"collection":[{"href":"https:\/\/www.livrariarema.com.br\/loja\/wp-json\/wp\/v2\/product"}],"about":[{"href":"https:\/\/www.livrariarema.com.br\/loja\/wp-json\/wp\/v2\/types\/product"}],"replies":[{"embeddable":true,"href":"https:\/\/www.livrariarema.com.br\/loja\/wp-json\/wp\/v2\/comments?post=296373"}],"wp:featuredmedia":[{"embeddable":true,"href":"https:\/\/www.livrariarema.com.br\/loja\/wp-json\/wp\/v2\/media\/345580"}],"wp:attachment":[{"href":"https:\/\/www.livrariarema.com.br\/loja\/wp-json\/wp\/v2\/media?parent=296373"}],"wp:term":[{"taxonomy":"product_cat","embeddable":true,"href":"https:\/\/www.livrariarema.com.br\/loja\/wp-json\/wp\/v2\/product_cat?post=296373"},{"taxonomy":"product_tag","embeddable":true,"href":"https:\/\/www.livrariarema.com.br\/loja\/wp-json\/wp\/v2\/product_tag?post=296373"}],"curies":[{"name":"wp","href":"https:\/\/api.w.org\/{rel}","templated":true}]}}