{"id":297850,"date":"2024-05-16T11:02:04","date_gmt":"2024-05-16T14:02:04","guid":{"rendered":"https:\/\/www.livrariarema.com.br\/loja\/produtos\/sem categoria\/60-minutos-para-renovar-seu-casamento-rob-parsons\/"},"modified":"2025-05-09T13:10:16","modified_gmt":"2025-05-09T16:10:16","slug":"60-minutos-para-renovar-seu-casamento-rob-parsons","status":"publish","type":"product","link":"https:\/\/www.livrariarema.com.br\/loja\/produtos\/livros\/casamento\/60-minutos-para-renovar-seu-casamento-rob-parsons\/","title":{"rendered":"60 Minutos Para Renovar Seu Casamento &#8211; Rob Parsons"},"content":{"rendered":"<p>60 Minutos Para Renovar seu Casamento chegou para ajudar voc\u00ea a investir em sua vida a dois. Com apenas uma hora de leitura voc\u00ea aprender\u00e1 importantes li\u00e7\u00f5es. que podem ser colocadas em pr\u00e1tica imediatamente. sobre comunica\u00e7\u00e3o. conflitos. defeitos do c\u00f4njuge. o ato sexual e d\u00edvidas.<\/p>\n","protected":false},"excerpt":{"rendered":"<p>60 Minutos Para Renovar seu Casamento chegou para ajudar voc\u00ea a investir em sua vida a dois. Com apenas uma&hellip;<\/p>\n","protected":false},"featured_media":0,"comment_status":"open","ping_status":"closed","template":"","meta":[],"product_cat":[155,134],"product_tag":[],"_links":{"self":[{"href":"https:\/\/www.livrariarema.com.br\/loja\/wp-json\/wp\/v2\/product\/297850"}],"collection":[{"href":"https:\/\/www.livrariarema.com.br\/loja\/wp-json\/wp\/v2\/product"}],"about":[{"href":"https:\/\/www.livrariarema.com.br\/loja\/wp-json\/wp\/v2\/types\/product"}],"replies":[{"embeddable":true,"href":"https:\/\/www.livrariarema.com.br\/loja\/wp-json\/wp\/v2\/comments?post=297850"}],"wp:attachment":[{"href":"https:\/\/www.livrariarema.com.br\/loja\/wp-json\/wp\/v2\/media?parent=297850"}],"wp:term":[{"taxonomy":"product_cat","embeddable":true,"href":"https:\/\/www.livrariarema.com.br\/loja\/wp-json\/wp\/v2\/product_cat?post=297850"},{"taxonomy":"product_tag","embeddable":true,"href":"https:\/\/www.livrariarema.com.br\/loja\/wp-json\/wp\/v2\/product_tag?post=297850"}],"curies":[{"name":"wp","href":"https:\/\/api.w.org\/{rel}","templated":true}]}}