{"id":297855,"date":"2024-05-16T11:02:41","date_gmt":"2024-05-16T14:02:41","guid":{"rendered":"https:\/\/www.livrariarema.com.br\/loja\/produtos\/sem categoria\/conheca-melhor-sua-personalidade-donna-partow\/"},"modified":"2025-05-09T12:40:16","modified_gmt":"2025-05-09T15:40:16","slug":"conheca-melhor-sua-personalidade-donna-partow","status":"publish","type":"product","link":"https:\/\/www.livrariarema.com.br\/loja\/produtos\/livros\/mulher\/conheca-melhor-sua-personalidade-donna-partow\/","title":{"rendered":"Conhe\u00e7a Melhor Sua Personalidade &#8211; Donna Partow"},"content":{"rendered":"<p>O objetivo principal da autora \u00e9 comunicar \u00e0s mulheres, de forma agrad\u00e1vel e com muito bom humor, os aspectos pr\u00e1ticos que ajudam a tomar decis\u00f5es e a fazer as escolhas certas para serem bem-sucedidas em todos os relacionamentos. Al\u00e9m disso, este livro traz in\u00fameros exemplos e hist\u00f3rias extra\u00eddas da sua experi\u00eancia como escritora e preletora. <br \/>\nConhe\u00e7a Melhor Sua Personalidade \u00e9 um livro escrito para as mulheres. Mas, certamente, os homens v\u00e3o querer dar uma olhada. Talvez assim consigam entender melhor as mulheres e aprender a valoriz\u00e1-las ainda mais. <br \/>\nEste livro ir\u00e1 ajud\u00e1-la a: <br \/>\n&#8211; Conhecer melhor os pontos fortes e os fracos de sua personalidade &#8211; Desenvolver estrat\u00e9gias para superar suas fraquezas <br \/>\n&#8211; Valorizar seu c\u00f4njuge e descobrir como adaptar-se \u00e0 personalidade dele e evitar os conflitos no casamento <br \/>\n&#8211; Perceber as diferen\u00e7as de temperamento de cada filho e aprender a lidar com eles individualmente <br \/>\n&#8211; Descobrir que voc\u00ea pode, sim, viver em harmonia com todos os que a cercam e ainda ajud\u00e1-los a tamb\u00e9m melhorar seus relacionamentos.<\/p>\n","protected":false},"excerpt":{"rendered":"<p>O objetivo principal da autora \u00e9 comunicar \u00e0s mulheres, de forma agrad\u00e1vel e com muito bom humor, os aspectos pr\u00e1ticos&hellip;<\/p>\n","protected":false},"featured_media":330830,"comment_status":"open","ping_status":"closed","template":"","meta":[],"product_cat":[134,170],"product_tag":[],"_links":{"self":[{"href":"https:\/\/www.livrariarema.com.br\/loja\/wp-json\/wp\/v2\/product\/297855"}],"collection":[{"href":"https:\/\/www.livrariarema.com.br\/loja\/wp-json\/wp\/v2\/product"}],"about":[{"href":"https:\/\/www.livrariarema.com.br\/loja\/wp-json\/wp\/v2\/types\/product"}],"replies":[{"embeddable":true,"href":"https:\/\/www.livrariarema.com.br\/loja\/wp-json\/wp\/v2\/comments?post=297855"}],"wp:featuredmedia":[{"embeddable":true,"href":"https:\/\/www.livrariarema.com.br\/loja\/wp-json\/wp\/v2\/media\/330830"}],"wp:attachment":[{"href":"https:\/\/www.livrariarema.com.br\/loja\/wp-json\/wp\/v2\/media?parent=297855"}],"wp:term":[{"taxonomy":"product_cat","embeddable":true,"href":"https:\/\/www.livrariarema.com.br\/loja\/wp-json\/wp\/v2\/product_cat?post=297855"},{"taxonomy":"product_tag","embeddable":true,"href":"https:\/\/www.livrariarema.com.br\/loja\/wp-json\/wp\/v2\/product_tag?post=297855"}],"curies":[{"name":"wp","href":"https:\/\/api.w.org\/{rel}","templated":true}]}}