{"id":298528,"date":"2024-05-21T13:09:08","date_gmt":"2024-05-21T16:09:08","guid":{"rendered":"https:\/\/www.livrariarema.com.br\/loja\/produtos\/sem categoria\/morte-da-morte-na-morte-de-cristo-a-john-owen\/"},"modified":"2026-02-20T13:26:23","modified_gmt":"2026-02-20T16:26:23","slug":"morte-da-morte-na-morte-de-cristo-a-john-owen","status":"publish","type":"product","link":"https:\/\/www.livrariarema.com.br\/loja\/produtos\/livros\/teologia\/morte-da-morte-na-morte-de-cristo-a-john-owen\/","title":{"rendered":"Morte Da Morte Na Morte De Cristo, A &#8211; John Owen"},"content":{"rendered":"<p>Neste cl\u00e1ssico puritano, John Owen examina a expia\u00e7\u00e3o de Cristo de uma forma abrangente e clara. \u00c9 considerado por muitos como o melhor livro j\u00e1 escrito sobre a expia\u00e7\u00e3o de Cristo. Owen vai al\u00e9m da compreens\u00e3o calvinista muitas vezes pol\u00eamica acerca da expia\u00e7\u00e3o limitada. Ele destaca que a obra de Cristo na cruz foi perfeita e que o prop\u00f3sito do Deus tri\u00fano \u00e9 glorificar a si mesmo e salvar os pecadores.<\/p>\n<p>A morte da morte na morte de Cristo \u00e9 essencial \u00e0queles que t\u00eam interesse na teologia b\u00edblica &#8211; t\u00e3o importante para testar a tradi\u00e7\u00e3o, pesquisar as Escrituras e para pensar por meio da f\u00e9. \u00c9 uma ferramenta que n\u00e3o pode faltar em uma das tarefas mais urgentes enfrentadas pela igreja evang\u00e9lica hoje: a recupera\u00e7\u00e3o do evangelho.<\/p>\n<p>Todo crist\u00e3o deve se aprofundar na doutrina da expia\u00e7\u00e3o! Este livro \u00e9 fruto de sete anos de trabalho refletindo sobre quest\u00f5es teol\u00f3gicas de primeira necessidade e n\u00e3o ir\u00e1 decepcion\u00e1-lo.<\/p>\n","protected":false},"excerpt":{"rendered":"<p>Neste cl\u00e1ssico puritano, John Owen examina a expia\u00e7\u00e3o de Cristo de uma forma abrangente e clara. \u00c9 considerado por muitos&hellip;<\/p>\n","protected":false},"featured_media":345046,"comment_status":"open","ping_status":"closed","template":"","meta":[],"product_cat":[134,136],"product_tag":[],"_links":{"self":[{"href":"https:\/\/www.livrariarema.com.br\/loja\/wp-json\/wp\/v2\/product\/298528"}],"collection":[{"href":"https:\/\/www.livrariarema.com.br\/loja\/wp-json\/wp\/v2\/product"}],"about":[{"href":"https:\/\/www.livrariarema.com.br\/loja\/wp-json\/wp\/v2\/types\/product"}],"replies":[{"embeddable":true,"href":"https:\/\/www.livrariarema.com.br\/loja\/wp-json\/wp\/v2\/comments?post=298528"}],"wp:featuredmedia":[{"embeddable":true,"href":"https:\/\/www.livrariarema.com.br\/loja\/wp-json\/wp\/v2\/media\/345046"}],"wp:attachment":[{"href":"https:\/\/www.livrariarema.com.br\/loja\/wp-json\/wp\/v2\/media?parent=298528"}],"wp:term":[{"taxonomy":"product_cat","embeddable":true,"href":"https:\/\/www.livrariarema.com.br\/loja\/wp-json\/wp\/v2\/product_cat?post=298528"},{"taxonomy":"product_tag","embeddable":true,"href":"https:\/\/www.livrariarema.com.br\/loja\/wp-json\/wp\/v2\/product_tag?post=298528"}],"curies":[{"name":"wp","href":"https:\/\/api.w.org\/{rel}","templated":true}]}}