{"id":298535,"date":"2024-05-21T13:10:15","date_gmt":"2024-05-21T16:10:15","guid":{"rendered":"https:\/\/www.livrariarema.com.br\/loja\/produtos\/sem categoria\/poderes-das-trevas-clinton-e-anold\/"},"modified":"2026-02-20T13:32:02","modified_gmt":"2026-02-20T16:32:02","slug":"poderes-das-trevas-clinton-e-anold","status":"publish","type":"product","link":"https:\/\/www.livrariarema.com.br\/loja\/produtos\/promocao\/livros-promocao\/poderes-das-trevas-clinton-e-anold\/","title":{"rendered":"Poderes Das Trevas &#8211; Clinton E. Anold"},"content":{"rendered":"<p>Poderes das trevas \u00e9 um livro raro que desenvolve uma teologia b\u00edblica equilibrada sobre dem\u00f4nios, principados e potestades. Clinton Arnold procura focar nas cartas de Paulo, especificamente no que elas ensinam sobre esse tema. Ademais, visando ampliar o quadro sobre esse assunto, ele investiga as cren\u00e7as gregas, romanas e judaicas do s\u00e9culo 1 e tamb\u00e9m a perspectiva de Jesus sobre magia, feiti\u00e7aria e adivinha\u00e7\u00e3o.<\/p>\n<p>Arnold n\u00e3o compactua com as diversas interpreta\u00e7\u00f5es recentes que acreditam que principados e potestades s\u00e3o meras estruturas sociais, econ\u00f4micas e pol\u00edticas impessoais. Ele prop\u00f5e que o Novo Testamento v\u00ea essas for\u00e7as como seres pessoais e organizados, os quais Jesus derrotou na cruz, e ele as sujeitar\u00e1 a si plenamente na segunda vinda.<\/p>\n","protected":false},"excerpt":{"rendered":"<p>Poderes das trevas \u00e9 um livro raro que desenvolve uma teologia b\u00edblica equilibrada sobre dem\u00f4nios, principados e potestades. Clinton Arnold&hellip;<\/p>\n","protected":false},"featured_media":345072,"comment_status":"open","ping_status":"closed","template":"","meta":[],"product_cat":[143,142],"product_tag":[],"_links":{"self":[{"href":"https:\/\/www.livrariarema.com.br\/loja\/wp-json\/wp\/v2\/product\/298535"}],"collection":[{"href":"https:\/\/www.livrariarema.com.br\/loja\/wp-json\/wp\/v2\/product"}],"about":[{"href":"https:\/\/www.livrariarema.com.br\/loja\/wp-json\/wp\/v2\/types\/product"}],"replies":[{"embeddable":true,"href":"https:\/\/www.livrariarema.com.br\/loja\/wp-json\/wp\/v2\/comments?post=298535"}],"wp:featuredmedia":[{"embeddable":true,"href":"https:\/\/www.livrariarema.com.br\/loja\/wp-json\/wp\/v2\/media\/345072"}],"wp:attachment":[{"href":"https:\/\/www.livrariarema.com.br\/loja\/wp-json\/wp\/v2\/media?parent=298535"}],"wp:term":[{"taxonomy":"product_cat","embeddable":true,"href":"https:\/\/www.livrariarema.com.br\/loja\/wp-json\/wp\/v2\/product_cat?post=298535"},{"taxonomy":"product_tag","embeddable":true,"href":"https:\/\/www.livrariarema.com.br\/loja\/wp-json\/wp\/v2\/product_tag?post=298535"}],"curies":[{"name":"wp","href":"https:\/\/api.w.org\/{rel}","templated":true}]}}