{"id":298539,"date":"2024-05-21T13:10:29","date_gmt":"2024-05-21T16:10:29","guid":{"rendered":"https:\/\/www.livrariarema.com.br\/loja\/produtos\/sem categoria\/pecado-original-jonathan-edwards\/"},"modified":"2026-02-20T13:29:18","modified_gmt":"2026-02-20T16:29:18","slug":"pecado-original-jonathan-edwards","status":"publish","type":"product","link":"https:\/\/www.livrariarema.com.br\/loja\/produtos\/livros\/teologia\/pecado-original-jonathan-edwards\/","title":{"rendered":"Pecado Original &#8211; Jonathan Edwards"},"content":{"rendered":"<p>Refletir sobre a profundidade da mis\u00e9ria humana \u00e9 fundamental para apreciar plenamente a magnitude do amor divino.<\/p>\n<p>Jonathan Edwards escreveu esta important\u00edssima obra no s\u00e9culo 18, \u00e9poca em que a vis\u00e3o iluminista do homem questionava e criticava a doutrina do pecado original. Este ensino b\u00edblico era odiado e atacado por pensadores como John Taylor, um dos mais cr\u00edticos a escrever contra o ensino b\u00edblico do pecado original. Esses ataques se espalharam livremente, sem nenhuma restri\u00e7\u00e3o, na sociedade inglesa daquele tempo.<\/p>\n<p>Pecado original \u00e9 um ant\u00eddoto contra todas essas ideias. Edwards, com base em extensa pesquisa b\u00edblica e racioc\u00ednio filos\u00f3fico, refutou todos os argumentos de seus cr\u00edticos, sobretudo no tratado de John Taylor. A obra fornece uma defesa convincente da doutrina do pecado original, que \u00e9 central para a teologia crist\u00e3, al\u00e9m de iluminar seu significado e import\u00e2ncia aos crist\u00e3os.<\/p>\n<p>O p\u00fablico de l\u00edngua portuguesa tem agora \u00e0 sua disposi\u00e7\u00e3o um grande livro, fundamental \u00e0 sa\u00fade da teologia da igreja.<\/p>\n","protected":false},"excerpt":{"rendered":"<p>Refletir sobre a profundidade da mis\u00e9ria humana \u00e9 fundamental para apreciar plenamente a magnitude do amor divino. Jonathan Edwards escreveu&hellip;<\/p>\n","protected":false},"featured_media":345061,"comment_status":"open","ping_status":"closed","template":"","meta":[],"product_cat":[134,136],"product_tag":[],"_links":{"self":[{"href":"https:\/\/www.livrariarema.com.br\/loja\/wp-json\/wp\/v2\/product\/298539"}],"collection":[{"href":"https:\/\/www.livrariarema.com.br\/loja\/wp-json\/wp\/v2\/product"}],"about":[{"href":"https:\/\/www.livrariarema.com.br\/loja\/wp-json\/wp\/v2\/types\/product"}],"replies":[{"embeddable":true,"href":"https:\/\/www.livrariarema.com.br\/loja\/wp-json\/wp\/v2\/comments?post=298539"}],"wp:featuredmedia":[{"embeddable":true,"href":"https:\/\/www.livrariarema.com.br\/loja\/wp-json\/wp\/v2\/media\/345061"}],"wp:attachment":[{"href":"https:\/\/www.livrariarema.com.br\/loja\/wp-json\/wp\/v2\/media?parent=298539"}],"wp:term":[{"taxonomy":"product_cat","embeddable":true,"href":"https:\/\/www.livrariarema.com.br\/loja\/wp-json\/wp\/v2\/product_cat?post=298539"},{"taxonomy":"product_tag","embeddable":true,"href":"https:\/\/www.livrariarema.com.br\/loja\/wp-json\/wp\/v2\/product_tag?post=298539"}],"curies":[{"name":"wp","href":"https:\/\/api.w.org\/{rel}","templated":true}]}}