{"id":298544,"date":"2024-05-21T13:10:48","date_gmt":"2024-05-21T16:10:48","guid":{"rendered":"https:\/\/www.livrariarema.com.br\/loja\/produtos\/sem%20categoria\/c-s-lewis-uma-introducao-manfred-svensson\/"},"modified":"2026-02-20T12:19:41","modified_gmt":"2026-02-20T15:19:41","slug":"c-s-lewis-uma-introducao-manfred-svensson","status":"publish","type":"product","link":"https:\/\/www.livrariarema.com.br\/loja\/produtos\/livros\/biografia\/c-s-lewis-uma-introducao-manfred-svensson\/","title":{"rendered":"C. S. Lewis: Uma Introducao &#8211; Manfred Svensson"},"content":{"rendered":"<p>Conhecido por fazer de um guarda-roupa a entrada para um mundo \u00e9pico e fant\u00e1stico, C. S. Lewis, no entanto, foi al\u00e9m do campo liter\u00e1rio. O brit\u00e2nico, autor de As cr\u00f4nicas de N\u00e1rnia e Cartas de um diabo a seu aprendiz, foi muito mais do que um romancista. Proveniente de uma Europa entremeada por duas Guerras Mundiais, Lewis envolveu-se intensamente nos debates do seu tempo. <\/p>\n<p>Caminhou com tranquilidade por diversos temas como o poder de express\u00e3o da linguagem pol\u00edtica, o valor da argumenta\u00e7\u00e3o e o papel da vida espiritual na esfera p\u00fablica. Com simplicidade e clareza caracter\u00edsticas, suas reflex\u00f5es foram sempre guiadas pela honestidade e pelo esp\u00edrito cr\u00edtico.<\/p>\n<p>Esta introdu\u00e7\u00e3o apresenta o intelectual multifacetado, empenhado de maneira franca nos debates contempor\u00e2neos. Ao recorrer a uma vasta gama de fontes, incluindo cartas e artigos de jornal, bem como textos famosos como Os quatro amores e Cristianismo puro e simples, ela nos mostra o pensador moral e pol\u00edtico na tentativa de &#8220;recuperar o encanto do mundo&#8221;. O resultado \u00e9 um perfil l\u00facido que permitir\u00e1 ao leitor n\u00e3o s\u00f3 se aproximar de uma das principais figuras do mundo liter\u00e1rio do s\u00e9culo 20, mas tamb\u00e9m descobrir o quanto Lewis tem a dizer \u00e0 sociedade atual.<\/p>\n","protected":false},"excerpt":{"rendered":"<p>Conhecido por fazer de um guarda-roupa a entrada para um mundo \u00e9pico e fant\u00e1stico, C. S. Lewis, no entanto, foi&hellip;<\/p>\n","protected":false},"featured_media":344889,"comment_status":"open","ping_status":"closed","template":"","meta":[],"product_cat":[181,134],"product_tag":[],"_links":{"self":[{"href":"https:\/\/www.livrariarema.com.br\/loja\/wp-json\/wp\/v2\/product\/298544"}],"collection":[{"href":"https:\/\/www.livrariarema.com.br\/loja\/wp-json\/wp\/v2\/product"}],"about":[{"href":"https:\/\/www.livrariarema.com.br\/loja\/wp-json\/wp\/v2\/types\/product"}],"replies":[{"embeddable":true,"href":"https:\/\/www.livrariarema.com.br\/loja\/wp-json\/wp\/v2\/comments?post=298544"}],"wp:featuredmedia":[{"embeddable":true,"href":"https:\/\/www.livrariarema.com.br\/loja\/wp-json\/wp\/v2\/media\/344889"}],"wp:attachment":[{"href":"https:\/\/www.livrariarema.com.br\/loja\/wp-json\/wp\/v2\/media?parent=298544"}],"wp:term":[{"taxonomy":"product_cat","embeddable":true,"href":"https:\/\/www.livrariarema.com.br\/loja\/wp-json\/wp\/v2\/product_cat?post=298544"},{"taxonomy":"product_tag","embeddable":true,"href":"https:\/\/www.livrariarema.com.br\/loja\/wp-json\/wp\/v2\/product_tag?post=298544"}],"curies":[{"name":"wp","href":"https:\/\/api.w.org\/{rel}","templated":true}]}}