{"id":298546,"date":"2024-05-21T13:10:55","date_gmt":"2024-05-21T16:10:55","guid":{"rendered":"https:\/\/www.livrariarema.com.br\/loja\/produtos\/sem categoria\/convite-a-septuaginta-karen-h-jobes-e-moises-silva\/"},"modified":"2026-02-20T12:56:00","modified_gmt":"2026-02-20T15:56:00","slug":"convite-a-septuaginta-karen-h-jobes-e-moises-silva","status":"publish","type":"product","link":"https:\/\/www.livrariarema.com.br\/loja\/produtos\/livros\/estudo-biblico\/convite-a-septuaginta-karen-h-jobes-e-moises-silva\/","title":{"rendered":"Convite A Septuaginta &#8211; Karen H. Jobes E Mois\u00e9s Silva"},"content":{"rendered":"<p>Esta obra did\u00e1tica, abrangente e acess\u00edvel apresenta aos leitores as vers\u00f5es gregas do Antigo Testamento. \u00c9 acess\u00edvel a estudantes sem nenhum conhecimento pr\u00e9vio sobre a Septuaginta, mas tamb\u00e9m \u00e9 informativa para estudiosos experientes. Os autores, destacados estudiosos da Septuaginta, exploram sua hist\u00f3ria, as diversas vers\u00f5es dispon\u00edveis e sua import\u00e2ncia para os estudos b\u00edblicos. Esta nova edi\u00e7\u00e3o foi substancialmente revisada, expandida e atualizada para refletir os principais avan\u00e7os nos estudos da Septuaginta.<\/p>\n","protected":false},"excerpt":{"rendered":"<p>Esta obra did\u00e1tica, abrangente e acess\u00edvel apresenta aos leitores as vers\u00f5es gregas do Antigo Testamento. \u00c9 acess\u00edvel a estudantes sem&hellip;<\/p>\n","protected":false},"featured_media":344948,"comment_status":"open","ping_status":"closed","template":"","meta":[],"product_cat":[161,134],"product_tag":[],"_links":{"self":[{"href":"https:\/\/www.livrariarema.com.br\/loja\/wp-json\/wp\/v2\/product\/298546"}],"collection":[{"href":"https:\/\/www.livrariarema.com.br\/loja\/wp-json\/wp\/v2\/product"}],"about":[{"href":"https:\/\/www.livrariarema.com.br\/loja\/wp-json\/wp\/v2\/types\/product"}],"replies":[{"embeddable":true,"href":"https:\/\/www.livrariarema.com.br\/loja\/wp-json\/wp\/v2\/comments?post=298546"}],"wp:featuredmedia":[{"embeddable":true,"href":"https:\/\/www.livrariarema.com.br\/loja\/wp-json\/wp\/v2\/media\/344948"}],"wp:attachment":[{"href":"https:\/\/www.livrariarema.com.br\/loja\/wp-json\/wp\/v2\/media?parent=298546"}],"wp:term":[{"taxonomy":"product_cat","embeddable":true,"href":"https:\/\/www.livrariarema.com.br\/loja\/wp-json\/wp\/v2\/product_cat?post=298546"},{"taxonomy":"product_tag","embeddable":true,"href":"https:\/\/www.livrariarema.com.br\/loja\/wp-json\/wp\/v2\/product_tag?post=298546"}],"curies":[{"name":"wp","href":"https:\/\/api.w.org\/{rel}","templated":true}]}}