{"id":298550,"date":"2024-05-21T13:13:27","date_gmt":"2024-05-21T16:13:27","guid":{"rendered":"https:\/\/www.livrariarema.com.br\/loja\/produtos\/sem categoria\/em-defesa-da-verdade-a-teologia-trinitaria-de-john-owen-carl-r-trueman\/"},"modified":"2026-02-20T12:56:15","modified_gmt":"2026-02-20T15:56:15","slug":"em-defesa-da-verdade-a-teologia-trinitaria-de-john-owen-carl-r-trueman","status":"publish","type":"product","link":"https:\/\/www.livrariarema.com.br\/loja\/produtos\/livros\/teologia\/em-defesa-da-verdade-a-teologia-trinitaria-de-john-owen-carl-r-trueman\/","title":{"rendered":"Em Defesa Da Verdade &#8211; A Teologia Trinit\u00e1ria De John Owen &#8211; Carl R. Trueman"},"content":{"rendered":"<p>Em defesa da verdade faz uma exposi\u00e7\u00e3o e an\u00e1lise da  teologia do grande te\u00f3logo puritano John Owen, com  \u00eanfase em seu forte trinitarismo.  O Dr. Carl Trueman, renomado historiador da igreja, argumenta que, para entender Owen, \u00e9 preciso v\u00ea-lo como um representante da tradi\u00e7\u00e3o trinit\u00e1ria ocidental e antipelagiana no s\u00e9culo 17.<\/p>\n<p>Em cap\u00edtulos que lidam com o contexto hist\u00f3rico de Owen, sua compreens\u00e3o dos princ\u00edpios da teologia, de Deus, sua cristologia e sua doutrina da expia\u00e7\u00e3o, Trueman demonstra como Owen fez uso de insights de te\u00f3logos da patr\u00edstica, do medievo e da Reforma para enfrentar os desafios postos \u00e0 ortodoxia reformada por seus contempor\u00e2neos.<\/p>\n<p>Nesse estudo, forma-se a figura de um te\u00f3logo que representou uma retomada cr\u00edtica de aspectos da tradi\u00e7\u00e3o ocidental tendo em vista o desenvolvimento de uma reformula\u00e7\u00e3o da teologia reformada, capaz de resistir tanto aos ataques sutilmente heterodoxos quanto aos ataques abertamente her\u00e9ticos.<\/p>\n","protected":false},"excerpt":{"rendered":"<p>Em defesa da verdade faz uma exposi\u00e7\u00e3o e an\u00e1lise da teologia do grande te\u00f3logo puritano John Owen, com \u00eanfase em&hellip;<\/p>\n","protected":false},"featured_media":344950,"comment_status":"open","ping_status":"closed","template":"","meta":[],"product_cat":[134,136],"product_tag":[],"_links":{"self":[{"href":"https:\/\/www.livrariarema.com.br\/loja\/wp-json\/wp\/v2\/product\/298550"}],"collection":[{"href":"https:\/\/www.livrariarema.com.br\/loja\/wp-json\/wp\/v2\/product"}],"about":[{"href":"https:\/\/www.livrariarema.com.br\/loja\/wp-json\/wp\/v2\/types\/product"}],"replies":[{"embeddable":true,"href":"https:\/\/www.livrariarema.com.br\/loja\/wp-json\/wp\/v2\/comments?post=298550"}],"wp:featuredmedia":[{"embeddable":true,"href":"https:\/\/www.livrariarema.com.br\/loja\/wp-json\/wp\/v2\/media\/344950"}],"wp:attachment":[{"href":"https:\/\/www.livrariarema.com.br\/loja\/wp-json\/wp\/v2\/media?parent=298550"}],"wp:term":[{"taxonomy":"product_cat","embeddable":true,"href":"https:\/\/www.livrariarema.com.br\/loja\/wp-json\/wp\/v2\/product_cat?post=298550"},{"taxonomy":"product_tag","embeddable":true,"href":"https:\/\/www.livrariarema.com.br\/loja\/wp-json\/wp\/v2\/product_tag?post=298550"}],"curies":[{"name":"wp","href":"https:\/\/api.w.org\/{rel}","templated":true}]}}