{"id":298554,"date":"2024-05-21T13:13:41","date_gmt":"2024-05-21T16:13:41","guid":{"rendered":"https:\/\/www.livrariarema.com.br\/loja\/produtos\/sem categoria\/casados-para-deus-christopher-ash\/"},"modified":"2026-02-20T12:22:00","modified_gmt":"2026-02-20T15:22:00","slug":"casados-para-deus-christopher-ash","status":"publish","type":"product","link":"https:\/\/www.livrariarema.com.br\/loja\/produtos\/livros\/casamento\/casados-para-deus-christopher-ash\/","title":{"rendered":"Casados Para Deus &#8211; Christopher Ash"},"content":{"rendered":"<p>\u00c9 nossa tend\u00eancia natural buscar felicidade e satisfa\u00e7\u00e3o pessoal no casamento. Muitas vezes, priorizamos nossas necessidades, desejos e objetivos. Mas qual \u00e9 o plano de Deus para o casamento? Com clareza e excelente fundamenta\u00e7\u00e3o b\u00edblica, Christopher Ash nos afasta do casamento centrado em n\u00f3s mesmos e nos orienta a um casamento a servi\u00e7o de Deus. Com aplica\u00e7\u00f5es pr\u00e1ticas para o dia a dia, Ash nos mostra os prop\u00f3sitos e padr\u00f5es de Deus para cada parte do relacionamento conjugal.<\/p>\n<p>Ao alinharmos com a B\u00edblia as nossas esperan\u00e7as, expectativas e objetivos para o casamento, descobriremos a profunda alegria e a realiza\u00e7\u00e3o duradoura que adv\u00eam de um casamento centrado em Deus.<\/p>\n","protected":false},"excerpt":{"rendered":"<p>\u00c9 nossa tend\u00eancia natural buscar felicidade e satisfa\u00e7\u00e3o pessoal no casamento. Muitas vezes, priorizamos nossas necessidades, desejos e objetivos. Mas&hellip;<\/p>\n","protected":false},"featured_media":344904,"comment_status":"open","ping_status":"closed","template":"","meta":[],"product_cat":[155,134],"product_tag":[],"_links":{"self":[{"href":"https:\/\/www.livrariarema.com.br\/loja\/wp-json\/wp\/v2\/product\/298554"}],"collection":[{"href":"https:\/\/www.livrariarema.com.br\/loja\/wp-json\/wp\/v2\/product"}],"about":[{"href":"https:\/\/www.livrariarema.com.br\/loja\/wp-json\/wp\/v2\/types\/product"}],"replies":[{"embeddable":true,"href":"https:\/\/www.livrariarema.com.br\/loja\/wp-json\/wp\/v2\/comments?post=298554"}],"wp:featuredmedia":[{"embeddable":true,"href":"https:\/\/www.livrariarema.com.br\/loja\/wp-json\/wp\/v2\/media\/344904"}],"wp:attachment":[{"href":"https:\/\/www.livrariarema.com.br\/loja\/wp-json\/wp\/v2\/media?parent=298554"}],"wp:term":[{"taxonomy":"product_cat","embeddable":true,"href":"https:\/\/www.livrariarema.com.br\/loja\/wp-json\/wp\/v2\/product_cat?post=298554"},{"taxonomy":"product_tag","embeddable":true,"href":"https:\/\/www.livrariarema.com.br\/loja\/wp-json\/wp\/v2\/product_tag?post=298554"}],"curies":[{"name":"wp","href":"https:\/\/api.w.org\/{rel}","templated":true}]}}