{"id":299128,"date":"2024-05-24T12:19:13","date_gmt":"2024-05-24T15:19:13","guid":{"rendered":"https:\/\/www.livrariarema.com.br\/loja\/produtos\/sem%20categoria\/licoes-especiais-mamae-joquebede\/"},"modified":"2024-08-21T10:23:32","modified_gmt":"2024-08-21T13:23:32","slug":"licoes-especiais-mamae-joquebede","status":"publish","type":"product","link":"https:\/\/www.livrariarema.com.br\/loja\/produtos\/diversos\/flanelografo-e-cartazes\/licoes-especiais-mamae-joquebede\/","title":{"rendered":"Li\u00e7\u00f5es Especiais &#8211; Mam\u00e3e Joquebede"},"content":{"rendered":"<p>Fara\u00f3 ordenou que matassem todos os meninos hebreus que nascessem. A fam\u00edlia do papai Anr\u00e3o e da mam\u00e3e Joquebede com seus filhos Miri\u00e3 e Ar\u00e3o estavam<br \/>\nempenhados em cuidar do beb\u00ea Mois\u00e9s para que os soldados de Fara\u00f3 n\u00e3o o descobrissem. Como Joquebede foi importante na vida de Mois\u00e9s! Ela fez tudo que podia, confando que Deus era poderoso e amoroso para cuidar de seu filho.<\/p>\n<p>Objetivo do ensino:<br \/>\n&#8211; Para a crian\u00e7a salva: Que a crian\u00e7a mostre que ama a Deus, obedecendo e amando a sua m\u00e3e.<br \/>\n&#8211; Para a crian\u00e7a n\u00e3o salva: Que a crian\u00e7a creia em Jesus como seu Salvador pois s\u00f3 Ele pode livr\u00e1-lo do castigo do pecado.<\/p>\n<p>Vers\u00edculo para decorar: &#8220;Porque nisto consiste o amor a Deus: em obedecer aos seus mandamentos. E os seus mandamentos n\u00e3o s\u00e3o pesados&#8221; (1 Jo\u00e3o 5.3).<\/p>\n","protected":false},"excerpt":{"rendered":"<p>Fara\u00f3 ordenou que matassem todos os meninos hebreus que nascessem. A fam\u00edlia do papai Anr\u00e3o e da mam\u00e3e Joquebede com&hellip;<\/p>\n","protected":false},"featured_media":299348,"comment_status":"open","ping_status":"closed","template":"","meta":[],"product_cat":[132,133],"product_tag":[],"_links":{"self":[{"href":"https:\/\/www.livrariarema.com.br\/loja\/wp-json\/wp\/v2\/product\/299128"}],"collection":[{"href":"https:\/\/www.livrariarema.com.br\/loja\/wp-json\/wp\/v2\/product"}],"about":[{"href":"https:\/\/www.livrariarema.com.br\/loja\/wp-json\/wp\/v2\/types\/product"}],"replies":[{"embeddable":true,"href":"https:\/\/www.livrariarema.com.br\/loja\/wp-json\/wp\/v2\/comments?post=299128"}],"wp:featuredmedia":[{"embeddable":true,"href":"https:\/\/www.livrariarema.com.br\/loja\/wp-json\/wp\/v2\/media\/299348"}],"wp:attachment":[{"href":"https:\/\/www.livrariarema.com.br\/loja\/wp-json\/wp\/v2\/media?parent=299128"}],"wp:term":[{"taxonomy":"product_cat","embeddable":true,"href":"https:\/\/www.livrariarema.com.br\/loja\/wp-json\/wp\/v2\/product_cat?post=299128"},{"taxonomy":"product_tag","embeddable":true,"href":"https:\/\/www.livrariarema.com.br\/loja\/wp-json\/wp\/v2\/product_tag?post=299128"}],"curies":[{"name":"wp","href":"https:\/\/api.w.org\/{rel}","templated":true}]}}