{"id":299197,"date":"2024-05-24T13:37:12","date_gmt":"2024-05-24T16:37:12","guid":{"rendered":"https:\/\/www.livrariarema.com.br\/loja\/produtos\/sem categoria\/licoes-especiais-a-procura-de-um-cordeiro\/"},"modified":"2024-09-23T15:17:40","modified_gmt":"2024-09-23T18:17:40","slug":"licoes-especiais-a-procura-de-um-cordeiro","status":"publish","type":"product","link":"https:\/\/www.livrariarema.com.br\/loja\/produtos\/diversos\/flanelografo-e-cartazes\/licoes-especiais-a-procura-de-um-cordeiro\/","title":{"rendered":"Li\u00e7\u00f5es Especiais &#8211; \u00c0 Procura De Um Cordeiro"},"content":{"rendered":"<p>Hist\u00f3ria de Rute, uma menina que ao ouvir sobre o antigo testamento e que se oferecia um cordeiro para a remiss\u00e3o de pecados, sai em busca de um para comprar. Por\u00e9m ela depois entende que n\u00e3o h\u00e1 mais a necessidade deste sacrif\u00edcio, pois Jesus \u00e9 o nosso Cordeiro.<\/p>\n","protected":false},"excerpt":{"rendered":"<p>Hist\u00f3ria de Rute, uma menina que ao ouvir sobre o antigo testamento e que se oferecia um cordeiro para a&hellip;<\/p>\n","protected":false},"featured_media":316841,"comment_status":"open","ping_status":"closed","template":"","meta":[],"product_cat":[132,133],"product_tag":[],"_links":{"self":[{"href":"https:\/\/www.livrariarema.com.br\/loja\/wp-json\/wp\/v2\/product\/299197"}],"collection":[{"href":"https:\/\/www.livrariarema.com.br\/loja\/wp-json\/wp\/v2\/product"}],"about":[{"href":"https:\/\/www.livrariarema.com.br\/loja\/wp-json\/wp\/v2\/types\/product"}],"replies":[{"embeddable":true,"href":"https:\/\/www.livrariarema.com.br\/loja\/wp-json\/wp\/v2\/comments?post=299197"}],"wp:featuredmedia":[{"embeddable":true,"href":"https:\/\/www.livrariarema.com.br\/loja\/wp-json\/wp\/v2\/media\/316841"}],"wp:attachment":[{"href":"https:\/\/www.livrariarema.com.br\/loja\/wp-json\/wp\/v2\/media?parent=299197"}],"wp:term":[{"taxonomy":"product_cat","embeddable":true,"href":"https:\/\/www.livrariarema.com.br\/loja\/wp-json\/wp\/v2\/product_cat?post=299197"},{"taxonomy":"product_tag","embeddable":true,"href":"https:\/\/www.livrariarema.com.br\/loja\/wp-json\/wp\/v2\/product_tag?post=299197"}],"curies":[{"name":"wp","href":"https:\/\/api.w.org\/{rel}","templated":true}]}}