{"id":299203,"date":"2024-05-24T13:39:03","date_gmt":"2024-05-24T16:39:03","guid":{"rendered":"https:\/\/www.livrariarema.com.br\/loja\/produtos\/sem categoria\/licoes-especiais-licao-3-o-fruto-do-espirito-e-alegria\/"},"modified":"2024-08-21T10:24:22","modified_gmt":"2024-08-21T13:24:22","slug":"licoes-especiais-licao-3-o-fruto-do-espirito-e-alegria","status":"publish","type":"product","link":"https:\/\/www.livrariarema.com.br\/loja\/produtos\/diversos\/flanelografo-e-cartazes\/licoes-especiais-licao-3-o-fruto-do-espirito-e-alegria\/","title":{"rendered":"Li\u00e7\u00f5es Especiais &#8211; Li\u00e7\u00e3o 3: O Fruto Do Esp\u00edrito \u00c9&#8230; Alegria"},"content":{"rendered":"<p>Hist\u00f3ria de Andr\u00e9, um menino que queria ter uma festa de anivers\u00e1rio feliz. Afinal, ele acaba aprendendo que a verdadeira alegria \u00e9 ter Jesus no cora\u00e7\u00e3o.<\/p>\n<p>Extra: Di\u00e1logo para Fantoches, al\u00e9m de sugest\u00e3o de atividades e ideia de trabalho manual.<\/p>\n","protected":false},"excerpt":{"rendered":"<p>Hist\u00f3ria de Andr\u00e9, um menino que queria ter uma festa de anivers\u00e1rio feliz. Afinal, ele acaba aprendendo que a verdadeira&hellip;<\/p>\n","protected":false},"featured_media":299519,"comment_status":"open","ping_status":"closed","template":"","meta":[],"product_cat":[132,133],"product_tag":[],"_links":{"self":[{"href":"https:\/\/www.livrariarema.com.br\/loja\/wp-json\/wp\/v2\/product\/299203"}],"collection":[{"href":"https:\/\/www.livrariarema.com.br\/loja\/wp-json\/wp\/v2\/product"}],"about":[{"href":"https:\/\/www.livrariarema.com.br\/loja\/wp-json\/wp\/v2\/types\/product"}],"replies":[{"embeddable":true,"href":"https:\/\/www.livrariarema.com.br\/loja\/wp-json\/wp\/v2\/comments?post=299203"}],"wp:featuredmedia":[{"embeddable":true,"href":"https:\/\/www.livrariarema.com.br\/loja\/wp-json\/wp\/v2\/media\/299519"}],"wp:attachment":[{"href":"https:\/\/www.livrariarema.com.br\/loja\/wp-json\/wp\/v2\/media?parent=299203"}],"wp:term":[{"taxonomy":"product_cat","embeddable":true,"href":"https:\/\/www.livrariarema.com.br\/loja\/wp-json\/wp\/v2\/product_cat?post=299203"},{"taxonomy":"product_tag","embeddable":true,"href":"https:\/\/www.livrariarema.com.br\/loja\/wp-json\/wp\/v2\/product_tag?post=299203"}],"curies":[{"name":"wp","href":"https:\/\/api.w.org\/{rel}","templated":true}]}}