{"id":299417,"date":"2024-05-25T10:48:44","date_gmt":"2024-05-25T13:48:44","guid":{"rendered":"https:\/\/www.livrariarema.com.br\/loja\/produtos\/sem categoria\/licoes-especiais-licao-7-o-fruto-do-espirito-e-bondade\/"},"modified":"2025-01-10T14:44:57","modified_gmt":"2025-01-10T17:44:57","slug":"licoes-especiais-licao-7-o-fruto-do-espirito-e-bondade","status":"publish","type":"product","link":"https:\/\/www.livrariarema.com.br\/loja\/produtos\/diversos\/flanelografo-e-cartazes\/licoes-especiais-licao-7-o-fruto-do-espirito-e-bondade\/","title":{"rendered":"Li\u00e7\u00f5es Especiais &#8211; Li\u00e7\u00e3o 7: O Fruto Do Esp\u00edrito \u00c9&#8230; Bondade"},"content":{"rendered":"<p>Li\u00e7\u00e3o Visualizada: `A Camiseta Verdadeiramente Dez` &#8211; Raquel aprende que o aspecto do Fruto do Esp\u00edrito denominado Bondade significa fazer o que \u00e9 bom. Ela tem de escolher entre agradar a Deus ou agradar a suas amigas.<br \/>\n&gt;&gt; S\u00e3o 8 figuras, al\u00e9m de atividades para a classe e ideia de trabalho manual.<br \/>\nExtra: Di\u00e1logo para Fantoches: A lista da bondade de Ta\u00eds. (Eneida R. Celeti)<br \/>\nIdeias Luminosas: A verdadeira bondade vem de Deus. Dobradura Fruto do Esp\u00edrito<br \/> Bondade: Passo a passo para montar um cora\u00e7\u00e3o, uma casa e uma seta (Sara Sung)<\/p>\n","protected":false},"excerpt":{"rendered":"<p>Li\u00e7\u00e3o Visualizada: `A Camiseta Verdadeiramente Dez` &#8211; Raquel aprende que o aspecto do Fruto do Esp\u00edrito denominado Bondade significa fazer&hellip;<\/p>\n","protected":false},"featured_media":299416,"comment_status":"open","ping_status":"closed","template":"","meta":[],"product_cat":[132,133],"product_tag":[],"_links":{"self":[{"href":"https:\/\/www.livrariarema.com.br\/loja\/wp-json\/wp\/v2\/product\/299417"}],"collection":[{"href":"https:\/\/www.livrariarema.com.br\/loja\/wp-json\/wp\/v2\/product"}],"about":[{"href":"https:\/\/www.livrariarema.com.br\/loja\/wp-json\/wp\/v2\/types\/product"}],"replies":[{"embeddable":true,"href":"https:\/\/www.livrariarema.com.br\/loja\/wp-json\/wp\/v2\/comments?post=299417"}],"wp:featuredmedia":[{"embeddable":true,"href":"https:\/\/www.livrariarema.com.br\/loja\/wp-json\/wp\/v2\/media\/299416"}],"wp:attachment":[{"href":"https:\/\/www.livrariarema.com.br\/loja\/wp-json\/wp\/v2\/media?parent=299417"}],"wp:term":[{"taxonomy":"product_cat","embeddable":true,"href":"https:\/\/www.livrariarema.com.br\/loja\/wp-json\/wp\/v2\/product_cat?post=299417"},{"taxonomy":"product_tag","embeddable":true,"href":"https:\/\/www.livrariarema.com.br\/loja\/wp-json\/wp\/v2\/product_tag?post=299417"}],"curies":[{"name":"wp","href":"https:\/\/api.w.org\/{rel}","templated":true}]}}