{"id":299518,"date":"2024-05-27T09:56:57","date_gmt":"2024-05-27T12:56:57","guid":{"rendered":"https:\/\/www.livrariarema.com.br\/loja\/produtos\/sem categoria\/licoes-especiais-licao-8-o-fruto-do-espirito-e-fidelidade\/"},"modified":"2024-05-27T09:56:57","modified_gmt":"2024-05-27T12:56:57","slug":"licoes-especiais-licao-8-o-fruto-do-espirito-e-fidelidade","status":"publish","type":"product","link":"https:\/\/www.livrariarema.com.br\/loja\/produtos\/diversos\/flanelografo-e-cartazes\/licoes-especiais-licao-8-o-fruto-do-espirito-e-fidelidade\/","title":{"rendered":"Li\u00e7\u00f5es Especiais &#8211; Li\u00e7\u00e3o 8: O Fruto Do Esp\u00edrito \u00c9&#8230; Fidelidade"},"content":{"rendered":"<p>`Se Ele Vai&#8230; N\u00f3s Tamb\u00e9m Vamos&#8220; &#8211; A hist\u00f3ria mostra que Deus \u00e9 fiel e que o Esp\u00edrito Santo nos capacita a sermos fi\u00e9is. C\u00e9sar, Douglas e Zeca aprendem sobre fidelidade com o exemplo do pastor Aldo.<br \/>\n&gt;&gt; S\u00e3o 8 figuras, al\u00e9m de atividades para a classe e ideia de trabalho manual.<br \/>\nExtra: Di\u00e1logo para Fantoches: Os amigos fi\u00e9is de F\u00e1bio. (Eneida R. Celeti)<br \/>\nIdeias Luminosas: Promessa e recompensa. Dobradura Fruto do Esp\u00edrito Fidelidade: Passo a passo para montar uma coroa e um arco-\u00edris (Sara Sung) <\/p>\n","protected":false},"excerpt":{"rendered":"<p>`Se Ele Vai&#8230; N\u00f3s Tamb\u00e9m Vamos&#8220; &#8211; A hist\u00f3ria mostra que Deus \u00e9 fiel e que o Esp\u00edrito Santo nos&hellip;<\/p>\n","protected":false},"featured_media":299517,"comment_status":"open","ping_status":"closed","template":"","meta":[],"product_cat":[132,133],"product_tag":[],"_links":{"self":[{"href":"https:\/\/www.livrariarema.com.br\/loja\/wp-json\/wp\/v2\/product\/299518"}],"collection":[{"href":"https:\/\/www.livrariarema.com.br\/loja\/wp-json\/wp\/v2\/product"}],"about":[{"href":"https:\/\/www.livrariarema.com.br\/loja\/wp-json\/wp\/v2\/types\/product"}],"replies":[{"embeddable":true,"href":"https:\/\/www.livrariarema.com.br\/loja\/wp-json\/wp\/v2\/comments?post=299518"}],"wp:featuredmedia":[{"embeddable":true,"href":"https:\/\/www.livrariarema.com.br\/loja\/wp-json\/wp\/v2\/media\/299517"}],"wp:attachment":[{"href":"https:\/\/www.livrariarema.com.br\/loja\/wp-json\/wp\/v2\/media?parent=299518"}],"wp:term":[{"taxonomy":"product_cat","embeddable":true,"href":"https:\/\/www.livrariarema.com.br\/loja\/wp-json\/wp\/v2\/product_cat?post=299518"},{"taxonomy":"product_tag","embeddable":true,"href":"https:\/\/www.livrariarema.com.br\/loja\/wp-json\/wp\/v2\/product_tag?post=299518"}],"curies":[{"name":"wp","href":"https:\/\/api.w.org\/{rel}","templated":true}]}}