{"id":299904,"date":"2024-05-31T10:47:06","date_gmt":"2024-05-31T13:47:06","guid":{"rendered":"https:\/\/www.livrariarema.com.br\/loja\/produtos\/sem categoria\/pentecostalismos-do-encontro-com-deus-a-compreensao-teologica-julius-mello\/"},"modified":"2026-02-24T14:01:34","modified_gmt":"2026-02-24T17:01:34","slug":"pentecostalismos-do-encontro-com-deus-a-compreensao-teologica-julius-mello","status":"publish","type":"product","link":"https:\/\/www.livrariarema.com.br\/loja\/produtos\/promocao\/livros-promocao\/pentecostalismos-do-encontro-com-deus-a-compreensao-teologica-julius-mello\/","title":{"rendered":"Pentecostalismos &#8211; Do Encontro Com Deus \u00c0 Compreens\u00e3o Teol\u00f3gica &#8211; Julius Mello"},"content":{"rendered":"<p>A TEOLOGIA DO ENCONTRO COM DEUS<\/p>\n<p>NESTE IN\u00cdCIO DO S\u00c9CULO 21, o cristianismo passa por uma das maiores mudan\u00e7as em sua hist\u00f3ria. Enquanto no Hemisf\u00e9rio Sul experimenta um r\u00e1pido crescimento, no Norte, principalmente na Europa, testemunha o decl\u00ednio da ades\u00e3o \u00e0 f\u00e9, dando passos r\u00e1pidos para o desconhecido terreno da era p\u00f3s-crist\u00e3. <br \/>\nO que chama aten\u00e7\u00e3o \u00e9 que o tipo de cristianismo em ascens\u00e3o no Sul tem uma fisionomia marcadamente pentecostal-carism\u00e1tica. Em Pentecostalismos, o leitor \u00e9 convidado a adentrar a tradi\u00e7\u00e3o teol\u00f3gica pentecostal-carism\u00e1tica para melhor compreender sua pluralidade e relev\u00e2ncia para a hist\u00f3ria do cristianismo em todo o mundo. <br \/>\nEscrito por um autor imerso e versado no contexto das igrejas pentecostais-carism\u00e1ticas, o livro oferece uma vis\u00e3o panor\u00e2mica das principais informa\u00e7\u00f5es hist\u00f3ricas e teol\u00f3gicas que fundamentam o pentecostalismo. <br \/>\nCom o crescimento e a populariza\u00e7\u00e3o do movimento, torna-se fundamental compreender suas ra\u00edzes e seu papel no universo do cristianismo contempor\u00e2neo. Prepare-se para uma jornada que reafirmar\u00e1 a autenticidade e a import\u00e2ncia do pentecostalismo no contexto do cristianismo atual.<\/p>\n","protected":false},"excerpt":{"rendered":"<p>A TEOLOGIA DO ENCONTRO COM DEUS NESTE IN\u00cdCIO DO S\u00c9CULO 21, o cristianismo passa por uma das maiores mudan\u00e7as em&hellip;<\/p>\n","protected":false},"featured_media":345373,"comment_status":"open","ping_status":"closed","template":"","meta":[],"product_cat":[143,142],"product_tag":[],"_links":{"self":[{"href":"https:\/\/www.livrariarema.com.br\/loja\/wp-json\/wp\/v2\/product\/299904"}],"collection":[{"href":"https:\/\/www.livrariarema.com.br\/loja\/wp-json\/wp\/v2\/product"}],"about":[{"href":"https:\/\/www.livrariarema.com.br\/loja\/wp-json\/wp\/v2\/types\/product"}],"replies":[{"embeddable":true,"href":"https:\/\/www.livrariarema.com.br\/loja\/wp-json\/wp\/v2\/comments?post=299904"}],"wp:featuredmedia":[{"embeddable":true,"href":"https:\/\/www.livrariarema.com.br\/loja\/wp-json\/wp\/v2\/media\/345373"}],"wp:attachment":[{"href":"https:\/\/www.livrariarema.com.br\/loja\/wp-json\/wp\/v2\/media?parent=299904"}],"wp:term":[{"taxonomy":"product_cat","embeddable":true,"href":"https:\/\/www.livrariarema.com.br\/loja\/wp-json\/wp\/v2\/product_cat?post=299904"},{"taxonomy":"product_tag","embeddable":true,"href":"https:\/\/www.livrariarema.com.br\/loja\/wp-json\/wp\/v2\/product_tag?post=299904"}],"curies":[{"name":"wp","href":"https:\/\/api.w.org\/{rel}","templated":true}]}}