{"id":300654,"date":"2024-06-04T17:27:39","date_gmt":"2024-06-04T20:27:39","guid":{"rendered":"https:\/\/www.livrariarema.com.br\/loja\/produtos\/sem categoria\/ethan-e-a-dracma-perdida-simonia-de-faria\/"},"modified":"2024-12-14T14:00:25","modified_gmt":"2024-12-14T17:00:25","slug":"ethan-e-a-dracma-perdida-simonia-de-faria","status":"publish","type":"product","link":"https:\/\/www.livrariarema.com.br\/loja\/produtos\/livros\/romance\/ethan-e-a-dracma-perdida-simonia-de-faria\/","title":{"rendered":"Ethan E A Dracma Perdida &#8211; Simonia De Faria"},"content":{"rendered":"<p>Inspirada no livro de Ezequiel 16, onde Deus mostra Seu amor por Jerusal\u00e9m mesmo sendo tra\u00eddo, Simonia de Faria, autora de Os Olhos da Alma, apresenta Ethan e a dracma perdida, uma hist\u00f3ria de amor, perd\u00e3o, gra\u00e7a e reden\u00e7\u00e3o!<\/p>\n<p>Aceite o convite para conhecer as belas terras de Arya, reino Sul de Trinity, entre os anos 1910 e 1930, governado pelo leal rei Augusto. Ali nasceu Amy, uma \u00f3rf\u00e3 que foi adotada e criada com muito amor. Ethan, o pr\u00edncipe herdeiro, tamb\u00e9m oferece \u00e0 Amy todo o seu amor e honra, transformando-a na rainha de toda Arya.<\/p>\n<p>Inseguran\u00e7as e antigas m\u00e1goas tornam para Amy imposs\u00edvel sair do lugar de abandono e desprezo, e ela acredita que n\u00e3o deveria se tornar ref\u00e9m do amor que lhe era oferecido, mas lutar por seu pr\u00f3prio lugar de honra. Desestruturada por pessoas que tentam controlar sua vida, por falsos amigos e promessas mentirosas, a luta por sua independ\u00eancia emocional, fama e gl\u00f3ria mostra como podemos ser sugados por emo\u00e7\u00f5es fragilizadas para longe do amor verdadeiro. <\/p>\n<p>Ethan conta com bons amigos na busca de sua valiosa dracma, principalmente com o apoio de seu pai, que foi quem lhe ensinou que uma alian\u00e7a n\u00e3o pode ser quebrada. Mas ser\u00e1 que ele se manter\u00e1 persistente quando a pr\u00f3pria Amy j\u00e1 n\u00e3o acredita em seu valor?<\/p>\n","protected":false},"excerpt":{"rendered":"<p>Inspirada no livro de Ezequiel 16, onde Deus mostra Seu amor por Jerusal\u00e9m mesmo sendo tra\u00eddo, Simonia de Faria, autora&hellip;<\/p>\n","protected":false},"featured_media":318548,"comment_status":"open","ping_status":"closed","template":"","meta":[],"product_cat":[134,182],"product_tag":[],"_links":{"self":[{"href":"https:\/\/www.livrariarema.com.br\/loja\/wp-json\/wp\/v2\/product\/300654"}],"collection":[{"href":"https:\/\/www.livrariarema.com.br\/loja\/wp-json\/wp\/v2\/product"}],"about":[{"href":"https:\/\/www.livrariarema.com.br\/loja\/wp-json\/wp\/v2\/types\/product"}],"replies":[{"embeddable":true,"href":"https:\/\/www.livrariarema.com.br\/loja\/wp-json\/wp\/v2\/comments?post=300654"}],"wp:featuredmedia":[{"embeddable":true,"href":"https:\/\/www.livrariarema.com.br\/loja\/wp-json\/wp\/v2\/media\/318548"}],"wp:attachment":[{"href":"https:\/\/www.livrariarema.com.br\/loja\/wp-json\/wp\/v2\/media?parent=300654"}],"wp:term":[{"taxonomy":"product_cat","embeddable":true,"href":"https:\/\/www.livrariarema.com.br\/loja\/wp-json\/wp\/v2\/product_cat?post=300654"},{"taxonomy":"product_tag","embeddable":true,"href":"https:\/\/www.livrariarema.com.br\/loja\/wp-json\/wp\/v2\/product_tag?post=300654"}],"curies":[{"name":"wp","href":"https:\/\/api.w.org\/{rel}","templated":true}]}}