{"id":300677,"date":"2024-06-04T17:29:12","date_gmt":"2024-06-04T20:29:12","guid":{"rendered":"https:\/\/www.livrariarema.com.br\/loja\/produtos\/sem categoria\/filhas-do-deus-vivo-bruna-neves\/"},"modified":"2026-02-26T13:20:24","modified_gmt":"2026-02-26T16:20:24","slug":"filhas-do-deus-vivo-bruna-neves","status":"publish","type":"product","link":"https:\/\/www.livrariarema.com.br\/loja\/produtos\/livros\/mulher\/filhas-do-deus-vivo-bruna-neves\/","title":{"rendered":"Filhas Do Deus Vivo &#8211; Bruna Neves"},"content":{"rendered":"<p>Este livro \u00e9 um presente de Deus para as nossas vidas.<\/p>\n<p> Por meio de ensinamentos fundamentados em princ\u00edpios b\u00edblicos e do compartilhamento de suas experi\u00eancias de supera\u00e7\u00e3o, a escritora Bruna Neves, de uma maneira inspiradora, leva-nos a um caminho de f\u00e9, amor e a uma entrega total \u00c0quele que nos chama de filhas amadas.<\/p>\n<p>As mensagens contidas neste livro nos despertam para viver o estilo de vida para o qual fomos chamadas: uma vida de excel\u00eancia!<\/p>\n<p>Mulher, convido voc\u00ea a mergulhar profundamente em cada mensagem aqui escrita, pois voc\u00ea entender\u00e1 de forma clara o amor do Pai eterno e como agrad\u00e1-lo, tendo a certeza de que n\u00e3o somos simplesmente servas Dele, somos Filhas do Deus Vivo!<\/p>\n","protected":false},"excerpt":{"rendered":"<p>Este livro \u00e9 um presente de Deus para as nossas vidas. Por meio de ensinamentos fundamentados em princ\u00edpios b\u00edblicos e&hellip;<\/p>\n","protected":false},"featured_media":305803,"comment_status":"open","ping_status":"closed","template":"","meta":[],"product_cat":[134,170],"product_tag":[],"_links":{"self":[{"href":"https:\/\/www.livrariarema.com.br\/loja\/wp-json\/wp\/v2\/product\/300677"}],"collection":[{"href":"https:\/\/www.livrariarema.com.br\/loja\/wp-json\/wp\/v2\/product"}],"about":[{"href":"https:\/\/www.livrariarema.com.br\/loja\/wp-json\/wp\/v2\/types\/product"}],"replies":[{"embeddable":true,"href":"https:\/\/www.livrariarema.com.br\/loja\/wp-json\/wp\/v2\/comments?post=300677"}],"wp:featuredmedia":[{"embeddable":true,"href":"https:\/\/www.livrariarema.com.br\/loja\/wp-json\/wp\/v2\/media\/305803"}],"wp:attachment":[{"href":"https:\/\/www.livrariarema.com.br\/loja\/wp-json\/wp\/v2\/media?parent=300677"}],"wp:term":[{"taxonomy":"product_cat","embeddable":true,"href":"https:\/\/www.livrariarema.com.br\/loja\/wp-json\/wp\/v2\/product_cat?post=300677"},{"taxonomy":"product_tag","embeddable":true,"href":"https:\/\/www.livrariarema.com.br\/loja\/wp-json\/wp\/v2\/product_tag?post=300677"}],"curies":[{"name":"wp","href":"https:\/\/api.w.org\/{rel}","templated":true}]}}