{"id":301418,"date":"2024-06-10T13:52:48","date_gmt":"2024-06-10T16:52:48","guid":{"rendered":"https:\/\/www.livrariarema.com.br\/loja\/produtos\/sem categoria\/animaizinhos-da-biblia-um-livro-com-alca-meu-amigo-noe\/"},"modified":"2026-02-20T16:21:06","modified_gmt":"2026-02-20T19:21:06","slug":"animaizinhos-da-biblia-um-livro-com-alca-meu-amigo-noe","status":"publish","type":"product","link":"https:\/\/www.livrariarema.com.br\/loja\/produtos\/livros\/infantil\/animaizinhos-da-biblia-um-livro-com-alca-meu-amigo-noe\/","title":{"rendered":"Animaizinhos Da Biblia &#8211; Um Livro Com Alca: Meu Amigo No\u00e9"},"content":{"rendered":"<p>Narrativas cativantes das mais belas hist\u00f3rias da B\u00edblia, encantadoramente ilustradas e com perguntas para fazer refletir e aproximar o pequeno leitor das sagradar escrituras.<\/p>\n","protected":false},"excerpt":{"rendered":"<p>Narrativas cativantes das mais belas hist\u00f3rias da B\u00edblia, encantadoramente ilustradas e com perguntas para fazer refletir e aproximar o pequeno&hellip;<\/p>\n","protected":false},"featured_media":331433,"comment_status":"open","ping_status":"closed","template":"","meta":[],"product_cat":[144,134],"product_tag":[],"_links":{"self":[{"href":"https:\/\/www.livrariarema.com.br\/loja\/wp-json\/wp\/v2\/product\/301418"}],"collection":[{"href":"https:\/\/www.livrariarema.com.br\/loja\/wp-json\/wp\/v2\/product"}],"about":[{"href":"https:\/\/www.livrariarema.com.br\/loja\/wp-json\/wp\/v2\/types\/product"}],"replies":[{"embeddable":true,"href":"https:\/\/www.livrariarema.com.br\/loja\/wp-json\/wp\/v2\/comments?post=301418"}],"wp:featuredmedia":[{"embeddable":true,"href":"https:\/\/www.livrariarema.com.br\/loja\/wp-json\/wp\/v2\/media\/331433"}],"wp:attachment":[{"href":"https:\/\/www.livrariarema.com.br\/loja\/wp-json\/wp\/v2\/media?parent=301418"}],"wp:term":[{"taxonomy":"product_cat","embeddable":true,"href":"https:\/\/www.livrariarema.com.br\/loja\/wp-json\/wp\/v2\/product_cat?post=301418"},{"taxonomy":"product_tag","embeddable":true,"href":"https:\/\/www.livrariarema.com.br\/loja\/wp-json\/wp\/v2\/product_tag?post=301418"}],"curies":[{"name":"wp","href":"https:\/\/api.w.org\/{rel}","templated":true}]}}