{"id":301420,"date":"2024-06-10T13:52:54","date_gmt":"2024-06-10T16:52:54","guid":{"rendered":"https:\/\/www.livrariarema.com.br\/loja\/produtos\/sem%20categoria\/vida-de-jesus-a\/"},"modified":"2026-04-01T11:12:03","modified_gmt":"2026-04-01T14:12:03","slug":"vida-de-jesus-a","status":"publish","type":"product","link":"https:\/\/www.livrariarema.com.br\/loja\/produtos\/livros\/infantil\/vida-de-jesus-a\/","title":{"rendered":"Vida De Jesus, A &#8211; Rusconi Libri"},"content":{"rendered":"<p>Jesus Cristo, figura central de nossa f\u00e9, tem a sua vida apresentada nesta preciosa obra que cont\u00e9m belas ilustra\u00e7\u00f5es e textos de f\u00e1cil entendimento, os quais trazem ensinamentos fundamentais par orientar a crian\u00e7a para uma vida realizada e feliz.<\/p>\n","protected":false},"excerpt":{"rendered":"<p>Jesus Cristo, figura central de nossa f\u00e9, tem a sua vida apresentada nesta preciosa obra que cont\u00e9m belas ilustra\u00e7\u00f5es e&hellip;<\/p>\n","protected":false},"featured_media":331434,"comment_status":"open","ping_status":"closed","template":"","meta":[],"product_cat":[144,134],"product_tag":[],"_links":{"self":[{"href":"https:\/\/www.livrariarema.com.br\/loja\/wp-json\/wp\/v2\/product\/301420"}],"collection":[{"href":"https:\/\/www.livrariarema.com.br\/loja\/wp-json\/wp\/v2\/product"}],"about":[{"href":"https:\/\/www.livrariarema.com.br\/loja\/wp-json\/wp\/v2\/types\/product"}],"replies":[{"embeddable":true,"href":"https:\/\/www.livrariarema.com.br\/loja\/wp-json\/wp\/v2\/comments?post=301420"}],"wp:featuredmedia":[{"embeddable":true,"href":"https:\/\/www.livrariarema.com.br\/loja\/wp-json\/wp\/v2\/media\/331434"}],"wp:attachment":[{"href":"https:\/\/www.livrariarema.com.br\/loja\/wp-json\/wp\/v2\/media?parent=301420"}],"wp:term":[{"taxonomy":"product_cat","embeddable":true,"href":"https:\/\/www.livrariarema.com.br\/loja\/wp-json\/wp\/v2\/product_cat?post=301420"},{"taxonomy":"product_tag","embeddable":true,"href":"https:\/\/www.livrariarema.com.br\/loja\/wp-json\/wp\/v2\/product_tag?post=301420"}],"curies":[{"name":"wp","href":"https:\/\/api.w.org\/{rel}","templated":true}]}}