{"id":301499,"date":"2024-06-10T14:01:27","date_gmt":"2024-06-10T17:01:27","guid":{"rendered":"https:\/\/www.livrariarema.com.br\/loja\/produtos\/sem categoria\/biblia-da-familia-a\/"},"modified":"2026-02-14T12:50:58","modified_gmt":"2026-02-14T15:50:58","slug":"biblia-da-familia-a","status":"publish","type":"product","link":"https:\/\/www.livrariarema.com.br\/loja\/produtos\/livros\/infantil\/biblia-da-familia-a\/","title":{"rendered":"B\u00edblia Da Fam\u00edlia, A"},"content":{"rendered":"<p>Uma extraordin\u00e1ria nova edi\u00e7\u00e3o da B\u00edblia, com impressionantes ilustra\u00e7\u00f5es em aquarela. Recontada em uma linguagem clara, por\u00e9m mantendo a poesia do texto original. Mais de 100 das mais amadas e significativas hist\u00f3rias e ensinamentos do Velho e Novo Testamento. Apresenta cita\u00e7\u00f5es breves do texto b\u00edblico do come\u00e7o ao fim. Conte\u00fado elaborado sob consulta de te\u00f3logos, educadores e figuras-chave da igreja. Inclui documentos hist\u00f3ricos e arqueol\u00f3gicos, fotografias, mapas e gr\u00e1ficos, etc. Um presente maravilhoso para todas as idades e uma inspira\u00e7\u00e3o para toda a fam\u00edlia.<\/p>\n","protected":false},"excerpt":{"rendered":"<p>Uma extraordin\u00e1ria nova edi\u00e7\u00e3o da B\u00edblia, com impressionantes ilustra\u00e7\u00f5es em aquarela. Recontada em uma linguagem clara, por\u00e9m mantendo a poesia&hellip;<\/p>\n","protected":false},"featured_media":344211,"comment_status":"open","ping_status":"closed","template":"","meta":[],"product_cat":[144,134],"product_tag":[],"_links":{"self":[{"href":"https:\/\/www.livrariarema.com.br\/loja\/wp-json\/wp\/v2\/product\/301499"}],"collection":[{"href":"https:\/\/www.livrariarema.com.br\/loja\/wp-json\/wp\/v2\/product"}],"about":[{"href":"https:\/\/www.livrariarema.com.br\/loja\/wp-json\/wp\/v2\/types\/product"}],"replies":[{"embeddable":true,"href":"https:\/\/www.livrariarema.com.br\/loja\/wp-json\/wp\/v2\/comments?post=301499"}],"wp:featuredmedia":[{"embeddable":true,"href":"https:\/\/www.livrariarema.com.br\/loja\/wp-json\/wp\/v2\/media\/344211"}],"wp:attachment":[{"href":"https:\/\/www.livrariarema.com.br\/loja\/wp-json\/wp\/v2\/media?parent=301499"}],"wp:term":[{"taxonomy":"product_cat","embeddable":true,"href":"https:\/\/www.livrariarema.com.br\/loja\/wp-json\/wp\/v2\/product_cat?post=301499"},{"taxonomy":"product_tag","embeddable":true,"href":"https:\/\/www.livrariarema.com.br\/loja\/wp-json\/wp\/v2\/product_tag?post=301499"}],"curies":[{"name":"wp","href":"https:\/\/api.w.org\/{rel}","templated":true}]}}