{"id":301522,"date":"2024-06-10T14:02:56","date_gmt":"2024-06-10T17:02:56","guid":{"rendered":"https:\/\/www.livrariarema.com.br\/loja\/produtos\/sem categoria\/biblia-da-crianca-a-100-historias-ilustradas\/"},"modified":"2026-03-30T16:30:33","modified_gmt":"2026-03-30T19:30:33","slug":"biblia-da-crianca-a-100-historias-ilustradas","status":"publish","type":"product","link":"https:\/\/www.livrariarema.com.br\/loja\/produtos\/livros\/infantil\/biblia-da-crianca-a-100-historias-ilustradas\/","title":{"rendered":"B\u00edblia Da Crian\u00e7a, A &#8211; 100 Historias Ilustradas"},"content":{"rendered":"<p>Especialmente adaptadas para crian\u00e7as, 100 hist\u00f3rias favoritas da B\u00edblia, do Antigo ao Novo Testamento, est\u00e3o aqui contadas. Hist\u00f3rias como Daniel na Cova dos Le\u00f5es e de Jesus, desde Seu nascimento at\u00e9 Sua ressurrei\u00e7\u00e3o, bem como as maravilhosas par\u00e1bolas que Ele contou, os milagres que realizou e as boas-novas que trouxe para cada um de n\u00f3s. Totalmente ilustrado, este \u00e9 um livro para ser compartilhado e lido, tamb\u00e9m, em voz alta. Certamente, uma extraordin\u00e1ria introdu\u00e7\u00e3o \u00e0 palavra de Deus.<\/p>\n","protected":false},"excerpt":{"rendered":"<p>Especialmente adaptadas para crian\u00e7as, 100 hist\u00f3rias favoritas da B\u00edblia, do Antigo ao Novo Testamento, est\u00e3o aqui contadas. Hist\u00f3rias como Daniel&hellip;<\/p>\n","protected":false},"featured_media":321308,"comment_status":"open","ping_status":"closed","template":"","meta":[],"product_cat":[144,134],"product_tag":[],"_links":{"self":[{"href":"https:\/\/www.livrariarema.com.br\/loja\/wp-json\/wp\/v2\/product\/301522"}],"collection":[{"href":"https:\/\/www.livrariarema.com.br\/loja\/wp-json\/wp\/v2\/product"}],"about":[{"href":"https:\/\/www.livrariarema.com.br\/loja\/wp-json\/wp\/v2\/types\/product"}],"replies":[{"embeddable":true,"href":"https:\/\/www.livrariarema.com.br\/loja\/wp-json\/wp\/v2\/comments?post=301522"}],"wp:featuredmedia":[{"embeddable":true,"href":"https:\/\/www.livrariarema.com.br\/loja\/wp-json\/wp\/v2\/media\/321308"}],"wp:attachment":[{"href":"https:\/\/www.livrariarema.com.br\/loja\/wp-json\/wp\/v2\/media?parent=301522"}],"wp:term":[{"taxonomy":"product_cat","embeddable":true,"href":"https:\/\/www.livrariarema.com.br\/loja\/wp-json\/wp\/v2\/product_cat?post=301522"},{"taxonomy":"product_tag","embeddable":true,"href":"https:\/\/www.livrariarema.com.br\/loja\/wp-json\/wp\/v2\/product_tag?post=301522"}],"curies":[{"name":"wp","href":"https:\/\/api.w.org\/{rel}","templated":true}]}}