{"id":301528,"date":"2024-06-10T14:03:36","date_gmt":"2024-06-10T17:03:36","guid":{"rendered":"https:\/\/www.livrariarema.com.br\/loja\/produtos\/sem categoria\/procure-e-ache-biblico-antigo-testamento\/"},"modified":"2026-01-07T13:40:46","modified_gmt":"2026-01-07T16:40:46","slug":"procure-e-ache-biblico-antigo-testamento","status":"publish","type":"product","link":"https:\/\/www.livrariarema.com.br\/loja\/produtos\/livros\/infantil\/procure-e-ache-biblico-antigo-testamento\/","title":{"rendered":"Procure E Ache B\u00edblico: Antigo Testamento"},"content":{"rendered":"<p>Conhe\u00e7a algumas das mais belas hist\u00f3rias b\u00e1blicas do antigo testamento, explorando este livro feito um detetive, ao observar, procurar e encontrar os elementos destacados em cada cena.<\/p>\n","protected":false},"excerpt":{"rendered":"<p>Conhe\u00e7a algumas das mais belas hist\u00f3rias b\u00e1blicas do antigo testamento, explorando este livro feito um detetive, ao observar, procurar e&hellip;<\/p>\n","protected":false},"featured_media":321055,"comment_status":"open","ping_status":"closed","template":"","meta":[],"product_cat":[144,134],"product_tag":[],"_links":{"self":[{"href":"https:\/\/www.livrariarema.com.br\/loja\/wp-json\/wp\/v2\/product\/301528"}],"collection":[{"href":"https:\/\/www.livrariarema.com.br\/loja\/wp-json\/wp\/v2\/product"}],"about":[{"href":"https:\/\/www.livrariarema.com.br\/loja\/wp-json\/wp\/v2\/types\/product"}],"replies":[{"embeddable":true,"href":"https:\/\/www.livrariarema.com.br\/loja\/wp-json\/wp\/v2\/comments?post=301528"}],"wp:featuredmedia":[{"embeddable":true,"href":"https:\/\/www.livrariarema.com.br\/loja\/wp-json\/wp\/v2\/media\/321055"}],"wp:attachment":[{"href":"https:\/\/www.livrariarema.com.br\/loja\/wp-json\/wp\/v2\/media?parent=301528"}],"wp:term":[{"taxonomy":"product_cat","embeddable":true,"href":"https:\/\/www.livrariarema.com.br\/loja\/wp-json\/wp\/v2\/product_cat?post=301528"},{"taxonomy":"product_tag","embeddable":true,"href":"https:\/\/www.livrariarema.com.br\/loja\/wp-json\/wp\/v2\/product_tag?post=301528"}],"curies":[{"name":"wp","href":"https:\/\/api.w.org\/{rel}","templated":true}]}}