{"id":301542,"date":"2024-06-10T14:05:02","date_gmt":"2024-06-10T17:05:02","guid":{"rendered":"https:\/\/www.livrariarema.com.br\/loja\/produtos\/sem categoria\/biblia-de-estudo-joyce-meyer-rosa\/"},"modified":"2025-12-18T16:21:01","modified_gmt":"2025-12-18T19:21:01","slug":"biblia-de-estudo-joyce-meyer-rosa","status":"publish","type":"product","link":"https:\/\/www.livrariarema.com.br\/loja\/produtos\/biblias\/estudo-feminina\/biblia-de-estudo-joyce-meyer-rosa\/","title":{"rendered":"Biblia De Estudo Joyce Meyer &#8211; Rosa"},"content":{"rendered":"<p>B\u00edblia da Vida di\u00e1ria de Joyce Meyer \u00e9 a ferramenta para compreender e amar a B\u00edblia t\u00e3o profundamente quanto Joyce Meyer. O seu conhecimento da B\u00edblia, fruto de pesquisas profundas, e a sua paix\u00e3o por relacionar a Palavra de Deus diretamente com a vida di\u00e1ria s\u00e3o companheiros inspiradores que Joyce acrescenta \u00e0 leitura da Nova Vers\u00e3o Internacional da B\u00edblia. A B\u00edblia pode ser de dif\u00edcil leitura e compreens\u00e3o.<br \/>\nSeu objetivo ao oferecer para voc\u00ea est\u00e1 B\u00edblia exclusiva com suas notas e coment\u00e1rios \u00e9 construir pontes s\u00f3lidas entre as Palavras da B\u00edblia e a sua vida di\u00e1ria.<\/p>\n<p>O Poder da Palavra de Deus para sua Vida Di\u00e1ria<\/p>\n","protected":false},"excerpt":{"rendered":"<p>B\u00edblia da Vida di\u00e1ria de Joyce Meyer \u00e9 a ferramenta para compreender e amar a B\u00edblia t\u00e3o profundamente quanto Joyce&hellip;<\/p>\n","protected":false},"featured_media":339381,"comment_status":"open","ping_status":"closed","template":"","meta":[],"product_cat":[139,175],"product_tag":[],"_links":{"self":[{"href":"https:\/\/www.livrariarema.com.br\/loja\/wp-json\/wp\/v2\/product\/301542"}],"collection":[{"href":"https:\/\/www.livrariarema.com.br\/loja\/wp-json\/wp\/v2\/product"}],"about":[{"href":"https:\/\/www.livrariarema.com.br\/loja\/wp-json\/wp\/v2\/types\/product"}],"replies":[{"embeddable":true,"href":"https:\/\/www.livrariarema.com.br\/loja\/wp-json\/wp\/v2\/comments?post=301542"}],"wp:featuredmedia":[{"embeddable":true,"href":"https:\/\/www.livrariarema.com.br\/loja\/wp-json\/wp\/v2\/media\/339381"}],"wp:attachment":[{"href":"https:\/\/www.livrariarema.com.br\/loja\/wp-json\/wp\/v2\/media?parent=301542"}],"wp:term":[{"taxonomy":"product_cat","embeddable":true,"href":"https:\/\/www.livrariarema.com.br\/loja\/wp-json\/wp\/v2\/product_cat?post=301542"},{"taxonomy":"product_tag","embeddable":true,"href":"https:\/\/www.livrariarema.com.br\/loja\/wp-json\/wp\/v2\/product_tag?post=301542"}],"curies":[{"name":"wp","href":"https:\/\/api.w.org\/{rel}","templated":true}]}}