{"id":301570,"date":"2024-06-10T14:07:42","date_gmt":"2024-06-10T17:07:42","guid":{"rendered":"https:\/\/www.livrariarema.com.br\/loja\/produtos\/sem categoria\/adesivos-fofinhos-fazenda\/"},"modified":"2026-02-09T14:52:54","modified_gmt":"2026-02-09T17:52:54","slug":"adesivos-fofinhos-fazenda","status":"publish","type":"product","link":"https:\/\/www.livrariarema.com.br\/loja\/produtos\/livros\/infantil\/adesivos-fofinhos-fazenda\/","title":{"rendered":"Adesivos Fofinhos: Fazenda"},"content":{"rendered":"<p>Solte sua criatividade neste incr\u00edvel livro de atividades repletas de divers\u00e3o e aprendizagem, al\u00e9m de adesivos fofinhos para colar onde voc\u00ea quiser!<\/p>\n","protected":false},"excerpt":{"rendered":"<p>Solte sua criatividade neste incr\u00edvel livro de atividades repletas de divers\u00e3o e aprendizagem, al\u00e9m de adesivos fofinhos para colar onde&hellip;<\/p>\n","protected":false},"featured_media":303972,"comment_status":"open","ping_status":"closed","template":"","meta":[],"product_cat":[144,134],"product_tag":[],"_links":{"self":[{"href":"https:\/\/www.livrariarema.com.br\/loja\/wp-json\/wp\/v2\/product\/301570"}],"collection":[{"href":"https:\/\/www.livrariarema.com.br\/loja\/wp-json\/wp\/v2\/product"}],"about":[{"href":"https:\/\/www.livrariarema.com.br\/loja\/wp-json\/wp\/v2\/types\/product"}],"replies":[{"embeddable":true,"href":"https:\/\/www.livrariarema.com.br\/loja\/wp-json\/wp\/v2\/comments?post=301570"}],"wp:featuredmedia":[{"embeddable":true,"href":"https:\/\/www.livrariarema.com.br\/loja\/wp-json\/wp\/v2\/media\/303972"}],"wp:attachment":[{"href":"https:\/\/www.livrariarema.com.br\/loja\/wp-json\/wp\/v2\/media?parent=301570"}],"wp:term":[{"taxonomy":"product_cat","embeddable":true,"href":"https:\/\/www.livrariarema.com.br\/loja\/wp-json\/wp\/v2\/product_cat?post=301570"},{"taxonomy":"product_tag","embeddable":true,"href":"https:\/\/www.livrariarema.com.br\/loja\/wp-json\/wp\/v2\/product_tag?post=301570"}],"curies":[{"name":"wp","href":"https:\/\/api.w.org\/{rel}","templated":true}]}}