{"id":301574,"date":"2024-06-10T14:08:08","date_gmt":"2024-06-10T17:08:08","guid":{"rendered":"https:\/\/www.livrariarema.com.br\/loja\/produtos\/sem categoria\/porcoes-especiais-da-biblia-o-pai-nosso-para-criancas\/"},"modified":"2026-04-11T11:42:09","modified_gmt":"2026-04-11T14:42:09","slug":"porcoes-especiais-da-biblia-o-pai-nosso-para-criancas","status":"publish","type":"product","link":"https:\/\/www.livrariarema.com.br\/loja\/produtos\/livros\/infantil\/porcoes-especiais-da-biblia-o-pai-nosso-para-criancas\/","title":{"rendered":"Por\u00e7\u00f5es Especiais Da Biblia: O Pai Nosso Para Crian\u00e7as"},"content":{"rendered":"<p>Esta cole\u00e7\u00e3o fornece um modo simples e f\u00e1cil de apresentar a ora\u00e7\u00e3o Pai Nosso, o Serm\u00e3o da Montanha, os 10 Mandamentos e o Salmo 23 \u00e0s crian\u00e7as. Vem com ilustra\u00e7\u00f5es delicadas e cuidadosamente criadas para adequar texto e imagem, auxiliando os pequenos na memoriza\u00e7\u00e3o das belas palavras aqui contidas. Em destaque, uma breve explica\u00e7\u00e3o de cada trecho. Com tem\u00e1tica apropriada e linguagem adequada, as hist\u00f3rias falam ao cora\u00e7\u00e3o da crian\u00e7a sobre perd\u00e3o, salva\u00e7\u00e3o e o amor de Deus.Uma mensagem incompar\u00e1vel!<\/p>\n","protected":false},"excerpt":{"rendered":"<p>Esta cole\u00e7\u00e3o fornece um modo simples e f\u00e1cil de apresentar a ora\u00e7\u00e3o Pai Nosso, o Serm\u00e3o da Montanha, os 10&hellip;<\/p>\n","protected":false},"featured_media":344339,"comment_status":"open","ping_status":"closed","template":"","meta":[],"product_cat":[144,134],"product_tag":[],"_links":{"self":[{"href":"https:\/\/www.livrariarema.com.br\/loja\/wp-json\/wp\/v2\/product\/301574"}],"collection":[{"href":"https:\/\/www.livrariarema.com.br\/loja\/wp-json\/wp\/v2\/product"}],"about":[{"href":"https:\/\/www.livrariarema.com.br\/loja\/wp-json\/wp\/v2\/types\/product"}],"replies":[{"embeddable":true,"href":"https:\/\/www.livrariarema.com.br\/loja\/wp-json\/wp\/v2\/comments?post=301574"}],"wp:featuredmedia":[{"embeddable":true,"href":"https:\/\/www.livrariarema.com.br\/loja\/wp-json\/wp\/v2\/media\/344339"}],"wp:attachment":[{"href":"https:\/\/www.livrariarema.com.br\/loja\/wp-json\/wp\/v2\/media?parent=301574"}],"wp:term":[{"taxonomy":"product_cat","embeddable":true,"href":"https:\/\/www.livrariarema.com.br\/loja\/wp-json\/wp\/v2\/product_cat?post=301574"},{"taxonomy":"product_tag","embeddable":true,"href":"https:\/\/www.livrariarema.com.br\/loja\/wp-json\/wp\/v2\/product_tag?post=301574"}],"curies":[{"name":"wp","href":"https:\/\/api.w.org\/{rel}","templated":true}]}}