{"id":301597,"date":"2024-06-10T14:10:06","date_gmt":"2024-06-10T17:10:06","guid":{"rendered":"https:\/\/www.livrariarema.com.br\/loja\/produtos\/sem categoria\/animais-fofinhos-ii-leao\/"},"modified":"2024-09-13T13:39:32","modified_gmt":"2024-09-13T16:39:32","slug":"animais-fofinhos-ii-leao","status":"publish","type":"product","link":"https:\/\/www.livrariarema.com.br\/loja\/produtos\/livros\/infantil\/animais-fofinhos-ii-leao\/","title":{"rendered":"Animais Fofinhos Ii: Le\u00e3o"},"content":{"rendered":"<p>Embarque nesta encantadora hist\u00f3ria com seu amiguinho, o Le\u00e3o<\/p>\n","protected":false},"excerpt":{"rendered":"<p>Embarque nesta encantadora hist\u00f3ria com seu amiguinho, o Le\u00e3o<\/p>\n","protected":false},"featured_media":314839,"comment_status":"open","ping_status":"closed","template":"","meta":[],"product_cat":[144,134],"product_tag":[],"_links":{"self":[{"href":"https:\/\/www.livrariarema.com.br\/loja\/wp-json\/wp\/v2\/product\/301597"}],"collection":[{"href":"https:\/\/www.livrariarema.com.br\/loja\/wp-json\/wp\/v2\/product"}],"about":[{"href":"https:\/\/www.livrariarema.com.br\/loja\/wp-json\/wp\/v2\/types\/product"}],"replies":[{"embeddable":true,"href":"https:\/\/www.livrariarema.com.br\/loja\/wp-json\/wp\/v2\/comments?post=301597"}],"wp:featuredmedia":[{"embeddable":true,"href":"https:\/\/www.livrariarema.com.br\/loja\/wp-json\/wp\/v2\/media\/314839"}],"wp:attachment":[{"href":"https:\/\/www.livrariarema.com.br\/loja\/wp-json\/wp\/v2\/media?parent=301597"}],"wp:term":[{"taxonomy":"product_cat","embeddable":true,"href":"https:\/\/www.livrariarema.com.br\/loja\/wp-json\/wp\/v2\/product_cat?post=301597"},{"taxonomy":"product_tag","embeddable":true,"href":"https:\/\/www.livrariarema.com.br\/loja\/wp-json\/wp\/v2\/product_tag?post=301597"}],"curies":[{"name":"wp","href":"https:\/\/api.w.org\/{rel}","templated":true}]}}