{"id":301629,"date":"2024-06-10T14:14:19","date_gmt":"2024-06-10T17:14:19","guid":{"rendered":"https:\/\/www.livrariarema.com.br\/loja\/produtos\/sem categoria\/contos-de-principios-autogoverno-sam-nao-quer-tomar-banho\/"},"modified":"2026-02-28T11:37:39","modified_gmt":"2026-02-28T14:37:39","slug":"contos-de-principios-autogoverno-sam-nao-quer-tomar-banho","status":"publish","type":"product","link":"https:\/\/www.livrariarema.com.br\/loja\/produtos\/livros\/infantil\/contos-de-principios-autogoverno-sam-nao-quer-tomar-banho\/","title":{"rendered":"Contos De Princ\u00edpios: Autogoverno &#8211; Sam N\u00e3o Quer Tomar Banho"},"content":{"rendered":"<p>Uma singela cole\u00e7\u00e3o de textos simples e ilustra\u00e7\u00f5es convidativas em que a crian\u00e7a ir\u00e1 vivenciar princ\u00edpios essenciais para uma vida feliz, por meio de situa\u00e7\u00f5es presentes no seu cotidiano, que dependem de tomadas de decis\u00e3o importantes e pass\u00edveis de influir na forma\u00e7\u00e3o de seu car\u00e1ter.<br \/>\nUm tesouro a ser partilhado, hoje dedicado aos pequenos leitores p<\/p>\n","protected":false},"excerpt":{"rendered":"<p>Uma singela cole\u00e7\u00e3o de textos simples e ilustra\u00e7\u00f5es convidativas em que a crian\u00e7a ir\u00e1 vivenciar princ\u00edpios essenciais para uma vida&hellip;<\/p>\n","protected":false},"featured_media":303374,"comment_status":"open","ping_status":"closed","template":"","meta":[],"product_cat":[144,134],"product_tag":[],"_links":{"self":[{"href":"https:\/\/www.livrariarema.com.br\/loja\/wp-json\/wp\/v2\/product\/301629"}],"collection":[{"href":"https:\/\/www.livrariarema.com.br\/loja\/wp-json\/wp\/v2\/product"}],"about":[{"href":"https:\/\/www.livrariarema.com.br\/loja\/wp-json\/wp\/v2\/types\/product"}],"replies":[{"embeddable":true,"href":"https:\/\/www.livrariarema.com.br\/loja\/wp-json\/wp\/v2\/comments?post=301629"}],"wp:featuredmedia":[{"embeddable":true,"href":"https:\/\/www.livrariarema.com.br\/loja\/wp-json\/wp\/v2\/media\/303374"}],"wp:attachment":[{"href":"https:\/\/www.livrariarema.com.br\/loja\/wp-json\/wp\/v2\/media?parent=301629"}],"wp:term":[{"taxonomy":"product_cat","embeddable":true,"href":"https:\/\/www.livrariarema.com.br\/loja\/wp-json\/wp\/v2\/product_cat?post=301629"},{"taxonomy":"product_tag","embeddable":true,"href":"https:\/\/www.livrariarema.com.br\/loja\/wp-json\/wp\/v2\/product_tag?post=301629"}],"curies":[{"name":"wp","href":"https:\/\/api.w.org\/{rel}","templated":true}]}}