{"id":301684,"date":"2024-06-10T14:19:32","date_gmt":"2024-06-10T17:19:32","guid":{"rendered":"https:\/\/www.livrariarema.com.br\/loja\/produtos\/sem categoria\/mundo-biblico-em-quebra-cabeca-vida-de-jesus\/"},"modified":"2026-02-26T14:10:56","modified_gmt":"2026-02-26T17:10:56","slug":"mundo-biblico-em-quebra-cabeca-vida-de-jesus","status":"publish","type":"product","link":"https:\/\/www.livrariarema.com.br\/loja\/produtos\/livros\/infantil\/mundo-biblico-em-quebra-cabeca-vida-de-jesus\/","title":{"rendered":"Mundo B\u00edblico Em Quebra Cabe\u00e7a &#8211; Vida De Jesus"},"content":{"rendered":"<p>Com delicadas ilustra\u00e7\u00f5es e texto adequado ao universo infantil, a cole\u00e7\u00e3o `Mundo B\u00edblico em quebra-cabe\u00e7a` foi criada com a finalidade de apresentar de forma l\u00fadica as mais conhecidas passagens b\u00edblicas. Excelente maneira de introduzir na realidade da crian\u00e7a os ensinamentos fundamentais do cristianismo visando despertar o interesse e afei\u00e7\u00e3o dos pequeninos pelas Sagradas Escrituras. Complementando cada p\u00e1gina, cinco quebra-cabe\u00e7as v\u00e3o ainda entreter e desenvolver mem\u00f3ria e coordena\u00e7\u00e3o motora simultaneamente. Abra seu livro e divirta-se com coloridos quebra-cabe\u00e7as para montar.<\/p>\n","protected":false},"excerpt":{"rendered":"<p>Com delicadas ilustra\u00e7\u00f5es e texto adequado ao universo infantil, a cole\u00e7\u00e3o `Mundo B\u00edblico em quebra-cabe\u00e7a` foi criada com a finalidade&hellip;<\/p>\n","protected":false},"featured_media":345543,"comment_status":"open","ping_status":"closed","template":"","meta":[],"product_cat":[144,134],"product_tag":[],"_links":{"self":[{"href":"https:\/\/www.livrariarema.com.br\/loja\/wp-json\/wp\/v2\/product\/301684"}],"collection":[{"href":"https:\/\/www.livrariarema.com.br\/loja\/wp-json\/wp\/v2\/product"}],"about":[{"href":"https:\/\/www.livrariarema.com.br\/loja\/wp-json\/wp\/v2\/types\/product"}],"replies":[{"embeddable":true,"href":"https:\/\/www.livrariarema.com.br\/loja\/wp-json\/wp\/v2\/comments?post=301684"}],"wp:featuredmedia":[{"embeddable":true,"href":"https:\/\/www.livrariarema.com.br\/loja\/wp-json\/wp\/v2\/media\/345543"}],"wp:attachment":[{"href":"https:\/\/www.livrariarema.com.br\/loja\/wp-json\/wp\/v2\/media?parent=301684"}],"wp:term":[{"taxonomy":"product_cat","embeddable":true,"href":"https:\/\/www.livrariarema.com.br\/loja\/wp-json\/wp\/v2\/product_cat?post=301684"},{"taxonomy":"product_tag","embeddable":true,"href":"https:\/\/www.livrariarema.com.br\/loja\/wp-json\/wp\/v2\/product_tag?post=301684"}],"curies":[{"name":"wp","href":"https:\/\/api.w.org\/{rel}","templated":true}]}}