{"id":303118,"date":"2024-06-21T15:17:25","date_gmt":"2024-06-21T18:17:25","guid":{"rendered":"https:\/\/www.livrariarema.com.br\/loja\/produtos\/sem%20categoria\/box-as-cronicas-de-narnia\/"},"modified":"2026-04-16T17:33:27","modified_gmt":"2026-04-16T20:33:27","slug":"box-as-cronicas-de-narnia","status":"publish","type":"product","link":"https:\/\/www.livrariarema.com.br\/loja\/produtos\/livros\/ficcao\/box-as-cronicas-de-narnia\/","title":{"rendered":"Box As Cr\u00f4nicas De N\u00e1rnia &#8211; C. S. Lewis"},"content":{"rendered":"<p>AS EDI\u00c7\u00d5ES DEFINITIVAS DE N\u00c1RNIA EM UM BOX EXCLUSIVO<\/p>\n<p>Guarda-roupas m\u00e1gicos, an\u00e9is que levam para outros mundos, cavalos falantes e, o mais impressionante, um le\u00e3o muito poderoso! As Cr\u00f4nicas de N\u00e1rnia s\u00e3o a aclamada s\u00e9rie de livros, escritos por C. S. Lewis, que narram as aventuras de crian\u00e7as corajosas no nosso mundo e em outros universos m\u00e1gicos e desconhecidos.    <br \/>\nAo adquirir o box As Cr\u00f4nicas de N\u00e1rnia &#8211; Cole\u00e7\u00e3o de Luxo voc\u00ea garante a saga completa, em edi\u00e7\u00e3o de luxo, na sua estante. S\u00e3o sete livros capa dura, com pintura trilateral, p\u00e1ginas amareladas, fitilho e detalhes dourados. As edi\u00e7\u00f5es contam ainda com a nova tradu\u00e7\u00e3o do professor Ronald Kyrmse &#8211; que tamb\u00e9m \u00e9 um tolkienista de respeito &#8211; e com as ilustra\u00e7\u00f5es coloridas de Pauline Baynes. Tudo isso em um box r\u00edgido colorido, com soft-touch e detalhes em dourado.<\/p>\n<p>Este box inclui os seguintes livros:<br \/>\nO Sobrinho do Mago &#8211; Cole\u00e7\u00e3o de Luxo<br \/>\nO Le\u00e3o, a Feiticeira e o Guarda-Roupa &#8211; Cole\u00e7\u00e3o de Luxo<br \/>\nO Cavalo e seu Menino &#8211; Cole\u00e7\u00e3o de Luxo<br \/>\nPr\u00edncipe Caspian &#8211; Cole\u00e7\u00e3o de Luxo<br \/>\nA Viagem do Peregrino da Alvorada &#8211; Cole\u00e7\u00e3o de Luxo<br \/>\nA Cadeira de Prata &#8211; Cole\u00e7\u00e3o de Luxo<br \/>\nA \u00daltima Batalha &#8211; Cole\u00e7\u00e3o de Luxo<\/p>\n","protected":false},"excerpt":{"rendered":"<p>AS EDI\u00c7\u00d5ES DEFINITIVAS DE N\u00c1RNIA EM UM BOX EXCLUSIVO Guarda-roupas m\u00e1gicos, an\u00e9is que levam para outros mundos, cavalos falantes e,&hellip;<\/p>\n","protected":false},"featured_media":345457,"comment_status":"open","ping_status":"closed","template":"","meta":[],"product_cat":[162,134],"product_tag":[],"_links":{"self":[{"href":"https:\/\/www.livrariarema.com.br\/loja\/wp-json\/wp\/v2\/product\/303118"}],"collection":[{"href":"https:\/\/www.livrariarema.com.br\/loja\/wp-json\/wp\/v2\/product"}],"about":[{"href":"https:\/\/www.livrariarema.com.br\/loja\/wp-json\/wp\/v2\/types\/product"}],"replies":[{"embeddable":true,"href":"https:\/\/www.livrariarema.com.br\/loja\/wp-json\/wp\/v2\/comments?post=303118"}],"wp:featuredmedia":[{"embeddable":true,"href":"https:\/\/www.livrariarema.com.br\/loja\/wp-json\/wp\/v2\/media\/345457"}],"wp:attachment":[{"href":"https:\/\/www.livrariarema.com.br\/loja\/wp-json\/wp\/v2\/media?parent=303118"}],"wp:term":[{"taxonomy":"product_cat","embeddable":true,"href":"https:\/\/www.livrariarema.com.br\/loja\/wp-json\/wp\/v2\/product_cat?post=303118"},{"taxonomy":"product_tag","embeddable":true,"href":"https:\/\/www.livrariarema.com.br\/loja\/wp-json\/wp\/v2\/product_tag?post=303118"}],"curies":[{"name":"wp","href":"https:\/\/api.w.org\/{rel}","templated":true}]}}