{"id":303315,"date":"2024-06-24T13:47:07","date_gmt":"2024-06-24T16:47:07","guid":{"rendered":"https:\/\/www.livrariarema.com.br\/loja\/produtos\/sem categoria\/despertar-com-deus-60-devocionais-diarios-jackie-hill-perry\/"},"modified":"2024-11-08T15:24:42","modified_gmt":"2024-11-08T18:24:42","slug":"despertar-com-deus-60-devocionais-diarios-jackie-hill-perry","status":"publish","type":"product","link":"https:\/\/www.livrariarema.com.br\/loja\/produtos\/livros\/devocional\/despertar-com-deus-60-devocionais-diarios-jackie-hill-perry\/","title":{"rendered":"Despertar Com Deus: 60 Devocionais Di\u00e1rios &#8211; Jackie Hill Perry"},"content":{"rendered":"<p>Como tem sido o seu despertar? Quais s\u00e3o as suas prioridades ao acordar? Que h\u00e1bitos definem a sua rotina matinal?<\/p>\n<p>E se voc\u00ea pudesse acordar todos os dias e descobrir algo muito maior &#8211; e muito melhor &#8211; do que toda a realidade ca\u00f3tica em que estamos envolvidos? E se voc\u00ea pudesse descobrir Deus? E se pudesse se descobrir \u00e0 luz desse Deus? E se seus olhos pudessem ser abertos para as coisas que realmente importam? E se, em um simples devocional por dia, voc\u00ea pudesse colher princ\u00edpios da sabedoria divina para ajudar voc\u00ea a enfrentar os desafios inevit\u00e1veis de cada dia?<\/p>\n<p>Fen\u00f4meno de vendas, Despertar com Deus prop\u00f5e reflex\u00f5es aplic\u00e1veis a v\u00e1rias circunst\u00e2ncias da vida que n\u00e3o s\u00f3 renovar\u00e3o suas for\u00e7as para enfrentar a rotina como tamb\u00e9m revigorar\u00e3o sua f\u00e9 e espiritualidade. Escritora de um talento excepcional, Jackie Hill Perry presenteia seus leitores com um texto temperado com uma dose ideal de lirismo, que faz de cada manh\u00e3 um dia especial ao traduzir com gra\u00e7a e indescrit\u00edvel beleza o cuidado do Criador por n\u00f3s.<\/p>\n","protected":false},"excerpt":{"rendered":"<p>Como tem sido o seu despertar? Quais s\u00e3o as suas prioridades ao acordar? Que h\u00e1bitos definem a sua rotina matinal?&hellip;<\/p>\n","protected":false},"featured_media":322334,"comment_status":"open","ping_status":"closed","template":"","meta":[],"product_cat":[158,134],"product_tag":[],"_links":{"self":[{"href":"https:\/\/www.livrariarema.com.br\/loja\/wp-json\/wp\/v2\/product\/303315"}],"collection":[{"href":"https:\/\/www.livrariarema.com.br\/loja\/wp-json\/wp\/v2\/product"}],"about":[{"href":"https:\/\/www.livrariarema.com.br\/loja\/wp-json\/wp\/v2\/types\/product"}],"replies":[{"embeddable":true,"href":"https:\/\/www.livrariarema.com.br\/loja\/wp-json\/wp\/v2\/comments?post=303315"}],"wp:featuredmedia":[{"embeddable":true,"href":"https:\/\/www.livrariarema.com.br\/loja\/wp-json\/wp\/v2\/media\/322334"}],"wp:attachment":[{"href":"https:\/\/www.livrariarema.com.br\/loja\/wp-json\/wp\/v2\/media?parent=303315"}],"wp:term":[{"taxonomy":"product_cat","embeddable":true,"href":"https:\/\/www.livrariarema.com.br\/loja\/wp-json\/wp\/v2\/product_cat?post=303315"},{"taxonomy":"product_tag","embeddable":true,"href":"https:\/\/www.livrariarema.com.br\/loja\/wp-json\/wp\/v2\/product_tag?post=303315"}],"curies":[{"name":"wp","href":"https:\/\/api.w.org\/{rel}","templated":true}]}}