{"id":303317,"date":"2024-06-24T13:47:13","date_gmt":"2024-06-24T16:47:13","guid":{"rendered":"https:\/\/www.livrariarema.com.br\/loja\/produtos\/sem%20categoria\/corajosas-2-maria-s-araujo-queren-are-arlene-diniz-e-thais-oliveira\/"},"modified":"2026-05-11T10:20:52","modified_gmt":"2026-05-11T13:20:52","slug":"corajosas-2-maria-s-araujo-queren-are-arlene-diniz-e-thais-oliveira","status":"publish","type":"product","link":"https:\/\/www.livrariarema.com.br\/loja\/produtos\/livros\/adolescente\/corajosas-2-maria-s-araujo-queren-are-arlene-diniz-e-thais-oliveira\/","title":{"rendered":"Corajosas 2 &#8211; Maria S. Ara\u00fajo, Queren Ane, Arlene Diniz E Tha\u00eds Oliveira"},"content":{"rendered":"<p>As corajosas est\u00e3o de volta! Dessa vez, com novas personagens para inspirar, transformar e edificar a vida de jovens garotas.<\/p>\n<p>Tha\u00eds Oliveira reconta a hist\u00f3ria da Bela Adormecida, que agora se chama Aurora. As f\u00e9rias de ver\u00e3o no chal\u00e9 da av\u00f3 nas montanhas sempre foram muito esperadas por Aurora. Neste ano, por\u00e9m, os dias de sol perderam o brilho para a garota, mas nem tudo est\u00e1 perdido.<\/p>\n<p>A Mulan de Maria S. Ara\u00fajo, chamada Lana, \u00e9 uma garota de personalidade forte, que est\u00e1 em busca do seu prop\u00f3sito de vida. Quando ela encontra uma caixa com um di\u00e1rio da falecida m\u00e3e, sua vida muda completamente.<\/p>\n<p>Queren Ane reinventa o conto da Pequena Sereia. Ariela desistiu da carreira como nadadora profissional e sonha em cursar Biologia Marinha. Seu pai, por\u00e9m, tem outros planos.<\/p>\n<p>Rapunzel \u00e9 apresentada por Arlene Diniz como Rachel, uma garota que anseia pelo momento em que poder\u00e1 fazer todas as coisas empolgantes registradas em seu caderninho dos sonhos, como andar de bal\u00e3o em seu anivers\u00e1rio de dezoito anos. Enquanto tenta colocar seus planos em a\u00e7\u00e3o, Rachel aprender\u00e1 preciosas li\u00e7\u00f5es sobre a vida e o Dono dela.<\/p>\n<p>As novas princesas nada encantadas v\u00e3o ajudar voc\u00ea a encontrar beleza e reden\u00e7\u00e3o na imperfeita jornada da vida real!<\/p>\n","protected":false},"excerpt":{"rendered":"<p>As corajosas est\u00e3o de volta! Dessa vez, com novas personagens para inspirar, transformar e edificar a vida de jovens garotas.&hellip;<\/p>\n","protected":false},"featured_media":344303,"comment_status":"open","ping_status":"closed","template":"","meta":[],"product_cat":[186,134],"product_tag":[],"_links":{"self":[{"href":"https:\/\/www.livrariarema.com.br\/loja\/wp-json\/wp\/v2\/product\/303317"}],"collection":[{"href":"https:\/\/www.livrariarema.com.br\/loja\/wp-json\/wp\/v2\/product"}],"about":[{"href":"https:\/\/www.livrariarema.com.br\/loja\/wp-json\/wp\/v2\/types\/product"}],"replies":[{"embeddable":true,"href":"https:\/\/www.livrariarema.com.br\/loja\/wp-json\/wp\/v2\/comments?post=303317"}],"wp:featuredmedia":[{"embeddable":true,"href":"https:\/\/www.livrariarema.com.br\/loja\/wp-json\/wp\/v2\/media\/344303"}],"wp:attachment":[{"href":"https:\/\/www.livrariarema.com.br\/loja\/wp-json\/wp\/v2\/media?parent=303317"}],"wp:term":[{"taxonomy":"product_cat","embeddable":true,"href":"https:\/\/www.livrariarema.com.br\/loja\/wp-json\/wp\/v2\/product_cat?post=303317"},{"taxonomy":"product_tag","embeddable":true,"href":"https:\/\/www.livrariarema.com.br\/loja\/wp-json\/wp\/v2\/product_tag?post=303317"}],"curies":[{"name":"wp","href":"https:\/\/api.w.org\/{rel}","templated":true}]}}