{"id":303319,"date":"2024-06-24T13:47:20","date_gmt":"2024-06-24T16:47:20","guid":{"rendered":"https:\/\/www.livrariarema.com.br\/loja\/produtos\/sem%20categoria\/homem-completo-o-o-projeto-de-deus-para-voce-larry-titus\/"},"modified":"2026-03-18T13:00:49","modified_gmt":"2026-03-18T16:00:49","slug":"homem-completo-o-o-projeto-de-deus-para-voce-larry-titus","status":"publish","type":"product","link":"https:\/\/www.livrariarema.com.br\/loja\/produtos\/livros\/homem\/homem-completo-o-o-projeto-de-deus-para-voce-larry-titus\/","title":{"rendered":"Homem Completo, O: O Projeto De Deus Para Voc\u00ea &#8211; Larry Titus"},"content":{"rendered":"<p>O homem completo, em termos b\u00edblicos, \u00e9 o homem teleios, palavra grega que significa &#8220;pleno, finalizado, perfeito &#8211; nada mais \u00e9 necess\u00e1rio&#8221;. Larry Titus mostra neste livro que esta \u00e9 a vontade de Deus para voc\u00ea, que seja esse homem completo, consumado. Isso significa que voc\u00ea deve refletir a perfei\u00e7\u00e3o de Cristo em cada parte de sua vida, servindo de exemplo para as futuras gera\u00e7\u00f5es.<\/p>\n<p>Descubra como se tornar o homem que Deus o criou para ser em sua fam\u00edlia, no trabalho, em rela\u00e7\u00e3o ao dinheiro, ao casamento, \u00e0 paternidade, \u00e0 sua verdadeira identidade. Seja um homem completo!<\/p>\n","protected":false},"excerpt":{"rendered":"<p>O homem completo, em termos b\u00edblicos, \u00e9 o homem teleios, palavra grega que significa &#8220;pleno, finalizado, perfeito &#8211; nada mais&hellip;<\/p>\n","protected":false},"featured_media":332551,"comment_status":"open","ping_status":"closed","template":"","meta":[],"product_cat":[152,134],"product_tag":[],"_links":{"self":[{"href":"https:\/\/www.livrariarema.com.br\/loja\/wp-json\/wp\/v2\/product\/303319"}],"collection":[{"href":"https:\/\/www.livrariarema.com.br\/loja\/wp-json\/wp\/v2\/product"}],"about":[{"href":"https:\/\/www.livrariarema.com.br\/loja\/wp-json\/wp\/v2\/types\/product"}],"replies":[{"embeddable":true,"href":"https:\/\/www.livrariarema.com.br\/loja\/wp-json\/wp\/v2\/comments?post=303319"}],"wp:featuredmedia":[{"embeddable":true,"href":"https:\/\/www.livrariarema.com.br\/loja\/wp-json\/wp\/v2\/media\/332551"}],"wp:attachment":[{"href":"https:\/\/www.livrariarema.com.br\/loja\/wp-json\/wp\/v2\/media?parent=303319"}],"wp:term":[{"taxonomy":"product_cat","embeddable":true,"href":"https:\/\/www.livrariarema.com.br\/loja\/wp-json\/wp\/v2\/product_cat?post=303319"},{"taxonomy":"product_tag","embeddable":true,"href":"https:\/\/www.livrariarema.com.br\/loja\/wp-json\/wp\/v2\/product_tag?post=303319"}],"curies":[{"name":"wp","href":"https:\/\/api.w.org\/{rel}","templated":true}]}}