{"id":303349,"date":"2024-06-24T13:52:23","date_gmt":"2024-06-24T16:52:23","guid":{"rendered":"https:\/\/www.livrariarema.com.br\/loja\/produtos\/sem categoria\/devocional-destemidas-naiane-camara\/"},"modified":"2025-02-14T15:40:08","modified_gmt":"2025-02-14T18:40:08","slug":"devocional-destemidas-naiane-camara","status":"publish","type":"product","link":"https:\/\/www.livrariarema.com.br\/loja\/produtos\/livros\/devocional\/devocional-destemidas-naiane-camara\/","title":{"rendered":"Devocional Destemidas &#8211; Naiane C\u00e2mara"},"content":{"rendered":"<p>N\u00e3o h\u00e1 nada que atrapalhe mais o prop\u00f3sito de uma mulher de Deus do que a in\u00e9rcia. Muitas vezes, o Inimigo n\u00e3o precisa tramar nada al\u00e9m de uma forma de paralis\u00e1-la, por isso, voc\u00ea precisa agir! \u00c9 isso que a Pastora Naiane C\u00e2mara pretende incentiv\u00e1-la a fazer com o devocional Destemidas: 21 dias avan\u00e7ando pela f\u00e9. Com toda sua autenticidade, Naiane prop\u00f5e uma jornada em um conjunto, uma sequ\u00eancia de conversas entre amigas, para voc\u00ea que deseja ardentemente avan\u00e7ar pela f\u00e9.<\/p>\n<p>A partir do testemunho de vida da autora, esta obra \u00e9 um convite para sair do lugar, para se mexer e caminhar em dire\u00e7\u00e3o \u00e0 depend\u00eancia completa de Deus. Com passos pr\u00e1ticos, que ir\u00e3o ajud\u00e1-la a mudar h\u00e1bitos do dia a dia, cada hist\u00f3ria compartilhada visa inspirar voc\u00ea a acreditar que, assim como Deus transformou toda a hist\u00f3ria da Pastora Naiane, tamb\u00e9m pode fazer com a sua.<\/p>\n<p>Destemidas \u00e9 um devocional para voc\u00ea, mulher, que se acha improv\u00e1vel, que talvez n\u00e3o tenha uma hist\u00f3ria e um processo parecidos com aqueles que, normalmente, s\u00e3o vistos como ideais. Em vinte um dias, voc\u00ea descobrir\u00e1 que, por mais que o seu cen\u00e1rio esteja bagun\u00e7ado e imperfeito, existe um Deus perfeito, especialista em construir tudo.<\/p>\n","protected":false},"excerpt":{"rendered":"<p>N\u00e3o h\u00e1 nada que atrapalhe mais o prop\u00f3sito de uma mulher de Deus do que a in\u00e9rcia. Muitas vezes, o&hellip;<\/p>\n","protected":false},"featured_media":316900,"comment_status":"open","ping_status":"closed","template":"","meta":[],"product_cat":[158,134],"product_tag":[],"_links":{"self":[{"href":"https:\/\/www.livrariarema.com.br\/loja\/wp-json\/wp\/v2\/product\/303349"}],"collection":[{"href":"https:\/\/www.livrariarema.com.br\/loja\/wp-json\/wp\/v2\/product"}],"about":[{"href":"https:\/\/www.livrariarema.com.br\/loja\/wp-json\/wp\/v2\/types\/product"}],"replies":[{"embeddable":true,"href":"https:\/\/www.livrariarema.com.br\/loja\/wp-json\/wp\/v2\/comments?post=303349"}],"wp:featuredmedia":[{"embeddable":true,"href":"https:\/\/www.livrariarema.com.br\/loja\/wp-json\/wp\/v2\/media\/316900"}],"wp:attachment":[{"href":"https:\/\/www.livrariarema.com.br\/loja\/wp-json\/wp\/v2\/media?parent=303349"}],"wp:term":[{"taxonomy":"product_cat","embeddable":true,"href":"https:\/\/www.livrariarema.com.br\/loja\/wp-json\/wp\/v2\/product_cat?post=303349"},{"taxonomy":"product_tag","embeddable":true,"href":"https:\/\/www.livrariarema.com.br\/loja\/wp-json\/wp\/v2\/product_tag?post=303349"}],"curies":[{"name":"wp","href":"https:\/\/api.w.org\/{rel}","templated":true}]}}