{"id":303404,"date":"2024-06-24T15:28:49","date_gmt":"2024-06-24T18:28:49","guid":{"rendered":"https:\/\/www.livrariarema.com.br\/loja\/produtos\/sem categoria\/no-final-daquele-dia-arlene-diniz\/"},"modified":"2025-12-24T12:21:15","modified_gmt":"2025-12-24T15:21:15","slug":"no-final-daquele-dia-arlene-diniz","status":"publish","type":"product","link":"https:\/\/www.livrariarema.com.br\/loja\/produtos\/livros\/ficcao\/no-final-daquele-dia-arlene-diniz\/","title":{"rendered":"No Final Daquele Dia &#8211; Arlene Diniz"},"content":{"rendered":"<p>Aos 17 anos, tudo o que Kai Fernandes deseja \u00e9 tornar-se surfista profissional. Quando surge a oportunidade de participar de um campeonato que poder\u00e1 ser o pontap\u00e9 inicial para sua carreira, ele n\u00e3o imagina que precisar\u00e1 contar com o favor de seu pai, um homem amargado pelo \u00e1lcool e pela vida. <\/p>\n<p>Preso a uma realidade familiar dif\u00edcil, seu ref\u00fagio \u00e9 o mar e seu grupo insepar\u00e1vel de amigos.<\/p>\n<p>Arthur, Ervilha e Giovana fazem a vida de Kai ter um sentido especial &#8211; mesmo que nada \u00e0 sua volta mais tenha.<\/p>\n<p>No final daquele dia trata da jornada de um garoto que n\u00e3o acredita que exista um Deus que se importa com ele. Trata de relacionamentos familiares quebrados e como a esperan\u00e7a pode restaur\u00e1-los. Trata do poder da amizade e do que acontece quando o Pai encontra um filho. <\/p>\n<p>Indicado para maiores de 15 anos.<\/p>\n","protected":false},"excerpt":{"rendered":"<p>Aos 17 anos, tudo o que Kai Fernandes deseja \u00e9 tornar-se surfista profissional. Quando surge a oportunidade de participar de&hellip;<\/p>\n","protected":false},"featured_media":342304,"comment_status":"open","ping_status":"closed","template":"","meta":[],"product_cat":[162,134],"product_tag":[],"_links":{"self":[{"href":"https:\/\/www.livrariarema.com.br\/loja\/wp-json\/wp\/v2\/product\/303404"}],"collection":[{"href":"https:\/\/www.livrariarema.com.br\/loja\/wp-json\/wp\/v2\/product"}],"about":[{"href":"https:\/\/www.livrariarema.com.br\/loja\/wp-json\/wp\/v2\/types\/product"}],"replies":[{"embeddable":true,"href":"https:\/\/www.livrariarema.com.br\/loja\/wp-json\/wp\/v2\/comments?post=303404"}],"wp:featuredmedia":[{"embeddable":true,"href":"https:\/\/www.livrariarema.com.br\/loja\/wp-json\/wp\/v2\/media\/342304"}],"wp:attachment":[{"href":"https:\/\/www.livrariarema.com.br\/loja\/wp-json\/wp\/v2\/media?parent=303404"}],"wp:term":[{"taxonomy":"product_cat","embeddable":true,"href":"https:\/\/www.livrariarema.com.br\/loja\/wp-json\/wp\/v2\/product_cat?post=303404"},{"taxonomy":"product_tag","embeddable":true,"href":"https:\/\/www.livrariarema.com.br\/loja\/wp-json\/wp\/v2\/product_tag?post=303404"}],"curies":[{"name":"wp","href":"https:\/\/api.w.org\/{rel}","templated":true}]}}