{"id":303412,"date":"2024-06-24T15:29:15","date_gmt":"2024-06-24T18:29:15","guid":{"rendered":"https:\/\/www.livrariarema.com.br\/loja\/produtos\/sem categoria\/horizonte-mora-em-um-dia-cinza-o-tatielle-katluryn\/"},"modified":"2026-02-06T12:11:19","modified_gmt":"2026-02-06T15:11:19","slug":"horizonte-mora-em-um-dia-cinza-o-tatielle-katluryn","status":"publish","type":"product","link":"https:\/\/www.livrariarema.com.br\/loja\/produtos\/livros\/ficcao\/horizonte-mora-em-um-dia-cinza-o-tatielle-katluryn\/","title":{"rendered":"Horizonte Mora Em Um Dia Cinza, O &#8211; Tatielle Katluryn"},"content":{"rendered":"<p>E se a supera\u00e7\u00e3o da dor levar mais tempo que o esperado? Afinal, cada um tem seu pr\u00f3prio tempo de prantear. <\/p>\n<p>Ayla Vasconcellos est\u00e1 em meio ao processo de esperar que as feridas se tornem cicatrizes quando, inesperadamente, ocorre o esbarr\u00e3o. Os \u00f3culos voando outra vez. Seria apenas coincid\u00eancia o fato de Joon Hyuk, aquele coreano de olhos angulares e voz melodiosa, estar ali \u00e0 sua frente, naquele exato segundo, numa universidade na Coreia do Sul? Ou algo mais profundo aguardava aqueles dois jovens que pertenciam a culturas t\u00e3o distintas e que, no entanto, pareciam dividir as mesmas dores e as mesmas esperan\u00e7as?<\/p>\n<p>Em O horizonte mora em um dia cinza, conheceremos a hist\u00f3ria de amor entre um coreano e uma brasileira, que juntos viver\u00e3o momentos desafiadores e emocionantes.<\/p>\n","protected":false},"excerpt":{"rendered":"<p>E se a supera\u00e7\u00e3o da dor levar mais tempo que o esperado? Afinal, cada um tem seu pr\u00f3prio tempo de&hellip;<\/p>\n","protected":false},"featured_media":332101,"comment_status":"open","ping_status":"closed","template":"","meta":[],"product_cat":[162,134],"product_tag":[],"_links":{"self":[{"href":"https:\/\/www.livrariarema.com.br\/loja\/wp-json\/wp\/v2\/product\/303412"}],"collection":[{"href":"https:\/\/www.livrariarema.com.br\/loja\/wp-json\/wp\/v2\/product"}],"about":[{"href":"https:\/\/www.livrariarema.com.br\/loja\/wp-json\/wp\/v2\/types\/product"}],"replies":[{"embeddable":true,"href":"https:\/\/www.livrariarema.com.br\/loja\/wp-json\/wp\/v2\/comments?post=303412"}],"wp:featuredmedia":[{"embeddable":true,"href":"https:\/\/www.livrariarema.com.br\/loja\/wp-json\/wp\/v2\/media\/332101"}],"wp:attachment":[{"href":"https:\/\/www.livrariarema.com.br\/loja\/wp-json\/wp\/v2\/media?parent=303412"}],"wp:term":[{"taxonomy":"product_cat","embeddable":true,"href":"https:\/\/www.livrariarema.com.br\/loja\/wp-json\/wp\/v2\/product_cat?post=303412"},{"taxonomy":"product_tag","embeddable":true,"href":"https:\/\/www.livrariarema.com.br\/loja\/wp-json\/wp\/v2\/product_tag?post=303412"}],"curies":[{"name":"wp","href":"https:\/\/api.w.org\/{rel}","templated":true}]}}