{"id":303522,"date":"2024-06-25T15:08:10","date_gmt":"2024-06-25T18:08:10","guid":{"rendered":"https:\/\/www.livrariarema.com.br\/loja\/produtos\/sem categoria\/biblia-nvi-slim-couro-soft-verde-agua\/"},"modified":"2026-02-24T12:21:45","modified_gmt":"2026-02-24T15:21:45","slug":"biblia-nvi-slim-couro-soft-verde-agua","status":"publish","type":"product","link":"https:\/\/www.livrariarema.com.br\/loja\/produtos\/biblias\/nvi\/biblia-nvi-slim-couro-soft-verde-agua\/","title":{"rendered":"B\u00edblia &#8211; Nvi &#8211; Slim &#8211; Couro Soft &#8211; Verde \u00c1gua"},"content":{"rendered":"<p>A B\u00edblia Sagrada, Slim, NVI, Luxo, Courosoft combina os benef\u00edcios de uma b\u00edblia compacta com a qualidade Thomas Nelson Brasil. Ela oferece uma leitura confort\u00e1vel, facilidade no manuseio, toque macio na capa e acabamento luxo.  <\/p>\n<p>Caracter\u00edsticas:<br \/>\nTexto na tradu\u00e7\u00e3o NVI (Nova Vers\u00e3o Internacional)<br \/>\nCapa em Courosoft (PU)<br \/>\nDoura\u00e7\u00e3o lateral<br \/>\nAplica\u00e7\u00e3o de hotstamp<br \/>\nFitilho colorido<\/p>\n","protected":false},"excerpt":{"rendered":"<p>A B\u00edblia Sagrada, Slim, NVI, Luxo, Courosoft combina os benef\u00edcios de uma b\u00edblia compacta com a qualidade Thomas Nelson Brasil.&hellip;<\/p>\n","protected":false},"featured_media":345297,"comment_status":"open","ping_status":"closed","template":"","meta":[],"product_cat":[139,166],"product_tag":[],"_links":{"self":[{"href":"https:\/\/www.livrariarema.com.br\/loja\/wp-json\/wp\/v2\/product\/303522"}],"collection":[{"href":"https:\/\/www.livrariarema.com.br\/loja\/wp-json\/wp\/v2\/product"}],"about":[{"href":"https:\/\/www.livrariarema.com.br\/loja\/wp-json\/wp\/v2\/types\/product"}],"replies":[{"embeddable":true,"href":"https:\/\/www.livrariarema.com.br\/loja\/wp-json\/wp\/v2\/comments?post=303522"}],"wp:featuredmedia":[{"embeddable":true,"href":"https:\/\/www.livrariarema.com.br\/loja\/wp-json\/wp\/v2\/media\/345297"}],"wp:attachment":[{"href":"https:\/\/www.livrariarema.com.br\/loja\/wp-json\/wp\/v2\/media?parent=303522"}],"wp:term":[{"taxonomy":"product_cat","embeddable":true,"href":"https:\/\/www.livrariarema.com.br\/loja\/wp-json\/wp\/v2\/product_cat?post=303522"},{"taxonomy":"product_tag","embeddable":true,"href":"https:\/\/www.livrariarema.com.br\/loja\/wp-json\/wp\/v2\/product_tag?post=303522"}],"curies":[{"name":"wp","href":"https:\/\/api.w.org\/{rel}","templated":true}]}}