{"id":303536,"date":"2024-06-25T15:10:22","date_gmt":"2024-06-25T18:10:22","guid":{"rendered":"https:\/\/www.livrariarema.com.br\/loja\/produtos\/sem categoria\/principe-oculto-o-tessa-afshar\/"},"modified":"2026-03-03T13:50:32","modified_gmt":"2026-03-03T16:50:32","slug":"principe-oculto-o-tessa-afshar","status":"publish","type":"product","link":"https:\/\/www.livrariarema.com.br\/loja\/produtos\/livros\/romance\/principe-oculto-o-tessa-afshar\/","title":{"rendered":"Pr\u00edncipe Oculto, O &#8211; Tessa Afshar"},"content":{"rendered":"<p>A hist\u00f3ria de uma humilde jovem que n\u00e3o v\u00ea esperan\u00e7a no futuro, mas que descobrir\u00e1 que o destino das na\u00e7\u00f5es pode estar em suas m\u00e3os.<\/p>\n<p>Filha amada de judeus cativos na Babil\u00f4nia, Keren \u00e9 vendida como serva \u00e0 casa de Daniel para ajudar sua fam\u00edlia, que precisa desesperadamente de dinheiro. A garota ganha a confian\u00e7a de Daniel e ele permite que ela tenha aulas com seus filhos e Jared, amigo deles. Ap\u00f3s um acidente tr\u00e1gico que muda o curso de sua vida, a garota foge para um pa\u00eds estrangeiro, onde \u00e9 encarregada de uma tarefa misteriosa: alfabetizar o jovem filho de um pastor e ensinar o garoto a se comportar como um nobre.<br \/>\nJared e Keren se tornaram grandes amigos, mas ele n\u00e3o consegue perdo\u00e1-la pelo terr\u00edvel acidente. Ainda assim, se v\u00ea viajando pelas montanhas para traz\u00ea-la de volta para casa em seguran\u00e7a. Quando os dois ouvem sussurros sobre a verdadeira identidade do pupilo de Karen, eles precisar\u00e3o enfrentar o amor e a amargura para tentar salvar o menino que um dia poder\u00e1 libertar seu povo da escravid\u00e3o na Babil\u00f4nia.<\/p>\n","protected":false},"excerpt":{"rendered":"<p>A hist\u00f3ria de uma humilde jovem que n\u00e3o v\u00ea esperan\u00e7a no futuro, mas que descobrir\u00e1 que o destino das na\u00e7\u00f5es&hellip;<\/p>\n","protected":false},"featured_media":342023,"comment_status":"open","ping_status":"closed","template":"","meta":[],"product_cat":[134,182],"product_tag":[],"_links":{"self":[{"href":"https:\/\/www.livrariarema.com.br\/loja\/wp-json\/wp\/v2\/product\/303536"}],"collection":[{"href":"https:\/\/www.livrariarema.com.br\/loja\/wp-json\/wp\/v2\/product"}],"about":[{"href":"https:\/\/www.livrariarema.com.br\/loja\/wp-json\/wp\/v2\/types\/product"}],"replies":[{"embeddable":true,"href":"https:\/\/www.livrariarema.com.br\/loja\/wp-json\/wp\/v2\/comments?post=303536"}],"wp:featuredmedia":[{"embeddable":true,"href":"https:\/\/www.livrariarema.com.br\/loja\/wp-json\/wp\/v2\/media\/342023"}],"wp:attachment":[{"href":"https:\/\/www.livrariarema.com.br\/loja\/wp-json\/wp\/v2\/media?parent=303536"}],"wp:term":[{"taxonomy":"product_cat","embeddable":true,"href":"https:\/\/www.livrariarema.com.br\/loja\/wp-json\/wp\/v2\/product_cat?post=303536"},{"taxonomy":"product_tag","embeddable":true,"href":"https:\/\/www.livrariarema.com.br\/loja\/wp-json\/wp\/v2\/product_tag?post=303536"}],"curies":[{"name":"wp","href":"https:\/\/api.w.org\/{rel}","templated":true}]}}