{"id":304036,"date":"2024-06-28T10:57:42","date_gmt":"2024-06-28T13:57:42","guid":{"rendered":"https:\/\/www.livrariarema.com.br\/loja\/produtos\/sem%20categoria\/serie-livros-da-biblia-esplendor-dos-seus-caminhos-o-stephen-kaung\/"},"modified":"2026-04-13T12:17:44","modified_gmt":"2026-04-13T15:17:44","slug":"serie-livros-da-biblia-esplendor-dos-seus-caminhos-o-stephen-kaung","status":"publish","type":"product","link":"https:\/\/www.livrariarema.com.br\/loja\/produtos\/livros\/estudo-biblico\/serie-livros-da-biblia-esplendor-dos-seus-caminhos-o-stephen-kaung\/","title":{"rendered":"S\u00e9rie Livros Da B\u00edblia &#8211; O Esplendor Dos Seus Caminhos, O &#8211; Stephen Kaung &#8211;"},"content":{"rendered":"<p>&#8220;Eis que temos por felizes os que perserveraram firmes. Tendes ouvido da paci\u00eancia de J\u00f3 e vistes que fim o Senhor lhe deu; porque o Senhor \u00e9 cheio de terna miseric\u00f3rdia e compassivo&#8221; (Tg 5:11).<\/p>\n<p>A men\u00e7\u00e3o a J\u00f3 tem sido frequentemente associada ao sofrimento e a paci\u00eancia necess\u00e1ria para suport\u00e1-lo. Apesar de muitos eruditos acreditarem ser esse o ponto central do Livro de J\u00f3, Stephen Kaung traz uma outra perspectiva desse maravilhoso livro. Sim, o sofrimento existe na vida dos filhos de Deus, mas com um prop\u00f3sito: de que Ele venha a ser o seu maior e mais precioso bem.<br \/>\nUma tempestade pessoal sem precedentes se abateu sobre J\u00f3, cheia de rel\u00e2mpagos e trov\u00f5es, ventania e escurid\u00e3o. Mas, depois da tempestade, quando os fortes ventos passaram e limparam o c\u00e9u de todas as nuvens e neblina, viria aquela luz dourada do sol de um inimagin\u00e1vel esplendor, elevando-se sobre o horizonte da compreens\u00e3o limitada e imperfeita de J\u00f3. Brilhou um fulgor de dourado t\u00e3o ofuscante, que o homem n\u00e3o pode contemplar, pois `Deus est\u00e1 cercado de tremenda majestade`. Essa \u00e9 uma figura v\u00edvida do governo de Deus em Seu car\u00e1ter majestoso, por\u00e9m, benevolente.<br \/>\nSegundo o autor, o Livro de J\u00f3 demonstra a profunda luta e agita\u00e7\u00e3o da alma durante a prova\u00e7\u00e3o. Somente quando ela se aquieta e d\u00e1 lugar ao controle do esp\u00edrito \u00e9 que o homem come\u00e7a a vislumbrar o prop\u00f3sito de Deus. Ao alcan\u00e7ar Sua vontade na vida de J\u00f3, o Senhor lhe concedeu por\u00e7\u00e3o dobrada, s\u00edmbolo de primogenitura!<br \/>\nSim, Seu prop\u00f3sito para com Seus filhos \u00e9 conform\u00e1-los \u00e0 imagem de Seu Filho para que Ele seja o Primog\u00eanito entre muitos irm\u00e3os. O Pai \u00e9 verdadeiramente cheio de terna miseric\u00f3rdia e compassivo!&#8221;<\/p>\n","protected":false},"excerpt":{"rendered":"<p>&#8220;Eis que temos por felizes os que perserveraram firmes. Tendes ouvido da paci\u00eancia de J\u00f3 e vistes que fim o&hellip;<\/p>\n","protected":false},"featured_media":346937,"comment_status":"open","ping_status":"closed","template":"","meta":[],"product_cat":[161,134],"product_tag":[],"_links":{"self":[{"href":"https:\/\/www.livrariarema.com.br\/loja\/wp-json\/wp\/v2\/product\/304036"}],"collection":[{"href":"https:\/\/www.livrariarema.com.br\/loja\/wp-json\/wp\/v2\/product"}],"about":[{"href":"https:\/\/www.livrariarema.com.br\/loja\/wp-json\/wp\/v2\/types\/product"}],"replies":[{"embeddable":true,"href":"https:\/\/www.livrariarema.com.br\/loja\/wp-json\/wp\/v2\/comments?post=304036"}],"wp:featuredmedia":[{"embeddable":true,"href":"https:\/\/www.livrariarema.com.br\/loja\/wp-json\/wp\/v2\/media\/346937"}],"wp:attachment":[{"href":"https:\/\/www.livrariarema.com.br\/loja\/wp-json\/wp\/v2\/media?parent=304036"}],"wp:term":[{"taxonomy":"product_cat","embeddable":true,"href":"https:\/\/www.livrariarema.com.br\/loja\/wp-json\/wp\/v2\/product_cat?post=304036"},{"taxonomy":"product_tag","embeddable":true,"href":"https:\/\/www.livrariarema.com.br\/loja\/wp-json\/wp\/v2\/product_tag?post=304036"}],"curies":[{"name":"wp","href":"https:\/\/api.w.org\/{rel}","templated":true}]}}