{"id":304066,"date":"2024-06-28T11:00:15","date_gmt":"2024-06-28T14:00:15","guid":{"rendered":"https:\/\/www.livrariarema.com.br\/loja\/produtos\/sem categoria\/descortinar-do-drama-da-redencao-o-vol-3-w-g-scroggie\/"},"modified":"2026-04-13T12:56:48","modified_gmt":"2026-04-13T15:56:48","slug":"descortinar-do-drama-da-redencao-o-vol-3-w-g-scroggie","status":"publish","type":"product","link":"https:\/\/www.livrariarema.com.br\/loja\/produtos\/livros\/estudo-biblico\/descortinar-do-drama-da-redencao-o-vol-3-w-g-scroggie\/","title":{"rendered":"Descortinar Do Drama Da Reden\u00e7\u00e3o, O &#8211; Vol. 3 &#8211; W. G. Scroggie"},"content":{"rendered":"<p>Este \u00e9 o terceiro e \u00faltimo volume de O Descortinar do Drama da Reden\u00e7\u00e3o. Nele s\u00e3o apresentadas as ep\u00edstolas Paulinas, as Joaninas, as universais, Hebreus e o Apocalipse &#8211; ep\u00edlogo do Drama.<\/p>\n","protected":false},"excerpt":{"rendered":"<p>Este \u00e9 o terceiro e \u00faltimo volume de O Descortinar do Drama da Reden\u00e7\u00e3o. Nele s\u00e3o apresentadas as ep\u00edstolas Paulinas,&hellip;<\/p>\n","protected":false},"featured_media":346980,"comment_status":"open","ping_status":"closed","template":"","meta":[],"product_cat":[161,134],"product_tag":[],"_links":{"self":[{"href":"https:\/\/www.livrariarema.com.br\/loja\/wp-json\/wp\/v2\/product\/304066"}],"collection":[{"href":"https:\/\/www.livrariarema.com.br\/loja\/wp-json\/wp\/v2\/product"}],"about":[{"href":"https:\/\/www.livrariarema.com.br\/loja\/wp-json\/wp\/v2\/types\/product"}],"replies":[{"embeddable":true,"href":"https:\/\/www.livrariarema.com.br\/loja\/wp-json\/wp\/v2\/comments?post=304066"}],"wp:featuredmedia":[{"embeddable":true,"href":"https:\/\/www.livrariarema.com.br\/loja\/wp-json\/wp\/v2\/media\/346980"}],"wp:attachment":[{"href":"https:\/\/www.livrariarema.com.br\/loja\/wp-json\/wp\/v2\/media?parent=304066"}],"wp:term":[{"taxonomy":"product_cat","embeddable":true,"href":"https:\/\/www.livrariarema.com.br\/loja\/wp-json\/wp\/v2\/product_cat?post=304066"},{"taxonomy":"product_tag","embeddable":true,"href":"https:\/\/www.livrariarema.com.br\/loja\/wp-json\/wp\/v2\/product_tag?post=304066"}],"curies":[{"name":"wp","href":"https:\/\/api.w.org\/{rel}","templated":true}]}}