{"id":304915,"date":"2024-07-04T11:24:30","date_gmt":"2024-07-04T14:24:30","guid":{"rendered":"https:\/\/www.livrariarema.com.br\/loja\/produtos\/sem%20categoria\/saga-wingfeather-a-livro-1-nos-limites-do-mar-sombrio-da-escuridao-andrew-peterson\/"},"modified":"2026-05-09T13:50:28","modified_gmt":"2026-05-09T16:50:28","slug":"saga-wingfeather-a-livro-1-nos-limites-do-mar-sombrio-da-escuridao-andrew-peterson","status":"publish","type":"product","link":"https:\/\/www.livrariarema.com.br\/loja\/produtos\/livros\/juvenil\/saga-wingfeather-a-livro-1-nos-limites-do-mar-sombrio-da-escuridao-andrew-peterson\/","title":{"rendered":"Saga Wingfeather, A: Livro 1 &#8211; Nos Limites Do Mar Sombrio Da Escurid\u00e3o &#8211; Andrew Peterson"},"content":{"rendered":"<p>AVENTURA. PERIGO. JOIAS PERDIDAS. E AS TERR\u00cdVEIS VACAS-DENTADAS DE SKREE.<\/p>\n<p>Andrew Peterson escreveu uma hist\u00f3ria cativante para todas as idades, que conta sobre os irm\u00e3os Janner, Tink e Leeli Igiby, al\u00e9m de seu fiel cachorro, Nugget, todos amados por uma nobre m\u00e3e e seu av\u00f4 Podo, um ex-pirata. Na jornada que os espera, eles precisar\u00e3o de todos os seus talentos e de tudo quanto amam para sobreviver \u00e0 ca\u00e7ada mal\u00e9fica dos venenosos Fangs de Dang, que cruzaram o mar sombrio para governar a terra com maldade. Contudo, os irm\u00e3os Igiby guardam o segredo para a lenda perdida e as joias do bom Rei Wingfeather, da Ilha Brilhante de Anniera.<\/p>\n<p>Cheio de personagens de cora\u00e7\u00e3o grande, intelig\u00eancia e coragem, Nos Limites do Mar Sombrio da Escurid\u00e3o \u00e9 o primeiro livro da Saga Wingfeather. Al\u00e9m das lindas ilustra\u00e7\u00f5es, neste livro voc\u00ea encontrar\u00e1 can\u00e7\u00f5es e poemas, vacas-dentadas e drag\u00f5es-marinhos, suspense e amor, sem contar os aut\u00eanticos mapas desenhados \u00e0 m\u00e3o.<\/p>\n<p>&#8220;Uma experi\u00eancia que sua fam\u00edlia jamais se esquecer\u00e1. Uma leitura que n\u00e3o me canso de recomendar.&#8221; &#8212;- Sarah Mackenzie, autora de A Fam\u00edlia Leitora e Ensinando com Serenidade (ambos pela Editora Trinitas).<\/p>\n<p>&#8220;Um \u00e9pico bravamente imaginativo, maravilhosamente irreverente; um \u00e9pico que reluz com perspic\u00e1cia e sabedoria.&#8221; &#8212; Allan Heinberg, roteirista do filme Mulher-Maravilha (WB) e da HQ Jovens Vingadores (Marvel).<\/p>\n<p>&#8220;Amo toda a aventura e, sobretudo, amo toda a paix\u00e3o nos livros de Andrew. Ele \u00e9 um poeta e mestre em contar hist\u00f3rias.&#8221; &#8212; Sally Lloyd-Jones, autora de best-sellers infantis no The New York Times<\/p>\n<p>ANDREW PETERSON \u00e9 cantor e compositor aclamado pela cr\u00edtica e pelo p\u00fablico, al\u00e9m de ser o autor da premiada Saga Wingfeather. \u00c9 tamb\u00e9m o fundador da Rabbit Room, uma organiza\u00e7\u00e3o que nutre comunidades por meio de hist\u00f3rias, arte e m\u00fasica. Ele e sua esposa, Jamie, t\u00eam tr\u00eas filhos e vivem em Nashville, nos EUA.<\/p>\n","protected":false},"excerpt":{"rendered":"<p>AVENTURA. PERIGO. JOIAS PERDIDAS. E AS TERR\u00cdVEIS VACAS-DENTADAS DE SKREE. Andrew Peterson escreveu uma hist\u00f3ria cativante para todas as idades,&hellip;<\/p>\n","protected":false},"featured_media":344074,"comment_status":"open","ping_status":"closed","template":"","meta":[],"product_cat":[184,134],"product_tag":[],"_links":{"self":[{"href":"https:\/\/www.livrariarema.com.br\/loja\/wp-json\/wp\/v2\/product\/304915"}],"collection":[{"href":"https:\/\/www.livrariarema.com.br\/loja\/wp-json\/wp\/v2\/product"}],"about":[{"href":"https:\/\/www.livrariarema.com.br\/loja\/wp-json\/wp\/v2\/types\/product"}],"replies":[{"embeddable":true,"href":"https:\/\/www.livrariarema.com.br\/loja\/wp-json\/wp\/v2\/comments?post=304915"}],"wp:featuredmedia":[{"embeddable":true,"href":"https:\/\/www.livrariarema.com.br\/loja\/wp-json\/wp\/v2\/media\/344074"}],"wp:attachment":[{"href":"https:\/\/www.livrariarema.com.br\/loja\/wp-json\/wp\/v2\/media?parent=304915"}],"wp:term":[{"taxonomy":"product_cat","embeddable":true,"href":"https:\/\/www.livrariarema.com.br\/loja\/wp-json\/wp\/v2\/product_cat?post=304915"},{"taxonomy":"product_tag","embeddable":true,"href":"https:\/\/www.livrariarema.com.br\/loja\/wp-json\/wp\/v2\/product_tag?post=304915"}],"curies":[{"name":"wp","href":"https:\/\/api.w.org\/{rel}","templated":true}]}}