{"id":304917,"date":"2024-07-04T11:24:37","date_gmt":"2024-07-04T14:24:37","guid":{"rendered":"https:\/\/www.livrariarema.com.br\/loja\/produtos\/sem%20categoria\/beleza-de-cristo-a-samuel-rutherford\/"},"modified":"2025-10-07T09:41:27","modified_gmt":"2025-10-07T12:41:27","slug":"beleza-de-cristo-a-samuel-rutherford","status":"publish","type":"product","link":"https:\/\/www.livrariarema.com.br\/loja\/produtos\/livros\/vida-crista\/beleza-de-cristo-a-samuel-rutherford\/","title":{"rendered":"Beleza De Cristo, A &#8211; Samuel Rutherford"},"content":{"rendered":"<p>&#8220;Todos os dias podemos descobrir uma nova verdade acerca de Cristo. Seu amor n\u00e3o tem fronteiras nem limites.&#8221;<\/p>\n<p>Assim como o ap\u00f3stolo Paulo e tantos outros santos na Hist\u00f3ria da Igreja, Samuel Rutherford teceu suas mais extraordin\u00e1rias obras para o Reino de Deus enquanto na pris\u00e3o, por amor ao Evangelho de Cristo. Foi de l\u00e1 que escreveu centenas de cartas a amigos e membros de sua congrega\u00e7\u00e3o. Seus escritos levavam conforto e consola\u00e7\u00e3o, sendo fonte de verdadeira inspira\u00e7\u00e3o para todo o povo da Esc\u00f3cia.<\/p>\n<p>Ainda hoje, suas cartas s\u00e3o um b\u00e1lsamo para a alma de toda a igreja crist\u00e3 ao redor mundo, com palavras de sabedoria e profunda riqueza, que, como uma b\u00fassola, apontam para Cristo, a fim de que possamos contemplar a beleza daquele que \u00e9 o autor e consumador de nossa f\u00e9. Neste livro, voc\u00ea encontrar\u00e1 trechos selecionados dessas cartas que, h\u00e1 quase quatrocentos anos, deslumbram e fortalecem crist\u00e3os de todos os lugares.<\/p>\n<p>&#8220;Quando estivermos mortos, que o mundo saiba que, dentre todos os escritos de meros mortais, Spurgeon considerava as cartas de Rutherford como os textos mais pr\u00f3ximos da Escritura inspirada.&#8221;<br \/>\nC. H. SPURGEON<\/p>\n","protected":false},"excerpt":{"rendered":"<p>&#8220;Todos os dias podemos descobrir uma nova verdade acerca de Cristo. Seu amor n\u00e3o tem fronteiras nem limites.&#8221; Assim como&hellip;<\/p>\n","protected":false},"featured_media":328089,"comment_status":"open","ping_status":"closed","template":"","meta":[],"product_cat":[134,137],"product_tag":[],"_links":{"self":[{"href":"https:\/\/www.livrariarema.com.br\/loja\/wp-json\/wp\/v2\/product\/304917"}],"collection":[{"href":"https:\/\/www.livrariarema.com.br\/loja\/wp-json\/wp\/v2\/product"}],"about":[{"href":"https:\/\/www.livrariarema.com.br\/loja\/wp-json\/wp\/v2\/types\/product"}],"replies":[{"embeddable":true,"href":"https:\/\/www.livrariarema.com.br\/loja\/wp-json\/wp\/v2\/comments?post=304917"}],"wp:featuredmedia":[{"embeddable":true,"href":"https:\/\/www.livrariarema.com.br\/loja\/wp-json\/wp\/v2\/media\/328089"}],"wp:attachment":[{"href":"https:\/\/www.livrariarema.com.br\/loja\/wp-json\/wp\/v2\/media?parent=304917"}],"wp:term":[{"taxonomy":"product_cat","embeddable":true,"href":"https:\/\/www.livrariarema.com.br\/loja\/wp-json\/wp\/v2\/product_cat?post=304917"},{"taxonomy":"product_tag","embeddable":true,"href":"https:\/\/www.livrariarema.com.br\/loja\/wp-json\/wp\/v2\/product_tag?post=304917"}],"curies":[{"name":"wp","href":"https:\/\/api.w.org\/{rel}","templated":true}]}}