{"id":304919,"date":"2024-07-04T11:24:47","date_gmt":"2024-07-04T14:24:47","guid":{"rendered":"https:\/\/www.livrariarema.com.br\/loja\/produtos\/sem categoria\/aula-de-desenho-a-matt-crilley\/"},"modified":"2026-03-02T17:30:27","modified_gmt":"2026-03-02T20:30:27","slug":"aula-de-desenho-a-matt-crilley","status":"publish","type":"product","link":"https:\/\/www.livrariarema.com.br\/loja\/produtos\/livros\/infantil\/aula-de-desenho-a-matt-crilley\/","title":{"rendered":"Aula De Desenho, A &#8211; Matt Crilley"},"content":{"rendered":"<p>Leia este Livro e Comece a Desenhar Hoje Mesmo!<\/p>\n<p>Nesta obra, Mark Crilley, professor de desenho e autor de v\u00e1rias graphic novels, entrega aos artistas aspirantes instru\u00e7\u00f5es art\u00edsticas f\u00e1ceis de seguir em formato de quadrinhos, provendo uma experi\u00eancia \u00fanica e pessoal.<\/p>\n<p>Em A Aula de Desenho, voc\u00ea conhecer\u00e1 Davi, um garoto que nada mais quer sen\u00e3o aprender a desenhar. Para sua sorte, ele acaba conhecendo Beca, sua esfor\u00e7ada professora de desenho. P\u00e1gina por p\u00e1gina, em formato e estilo \u00fanicos, Beca ensina a Davi (e a voc\u00ea!) os fundamentos essenciais para o artista ser capaz de dominar a arte de desenhar. Quadro ap\u00f3s quadro, Crilley oferece ensinamentos acerca de sombreado, espa\u00e7o negativo, composi\u00e7\u00e3o art\u00edstica, entre muitas outras li\u00e7\u00f5es, com exerc\u00edcios que voc\u00ea mesmo pode tentar e fazer.<\/p>\n<p>Voc\u00ea est\u00e1 pronto para come\u00e7ar suas aulas de desenho hoje mesmo?<\/p>\n","protected":false},"excerpt":{"rendered":"<p>Leia este Livro e Comece a Desenhar Hoje Mesmo! Nesta obra, Mark Crilley, professor de desenho e autor de v\u00e1rias&hellip;<\/p>\n","protected":false},"featured_media":324223,"comment_status":"open","ping_status":"closed","template":"","meta":[],"product_cat":[144,134],"product_tag":[],"_links":{"self":[{"href":"https:\/\/www.livrariarema.com.br\/loja\/wp-json\/wp\/v2\/product\/304919"}],"collection":[{"href":"https:\/\/www.livrariarema.com.br\/loja\/wp-json\/wp\/v2\/product"}],"about":[{"href":"https:\/\/www.livrariarema.com.br\/loja\/wp-json\/wp\/v2\/types\/product"}],"replies":[{"embeddable":true,"href":"https:\/\/www.livrariarema.com.br\/loja\/wp-json\/wp\/v2\/comments?post=304919"}],"wp:featuredmedia":[{"embeddable":true,"href":"https:\/\/www.livrariarema.com.br\/loja\/wp-json\/wp\/v2\/media\/324223"}],"wp:attachment":[{"href":"https:\/\/www.livrariarema.com.br\/loja\/wp-json\/wp\/v2\/media?parent=304919"}],"wp:term":[{"taxonomy":"product_cat","embeddable":true,"href":"https:\/\/www.livrariarema.com.br\/loja\/wp-json\/wp\/v2\/product_cat?post=304919"},{"taxonomy":"product_tag","embeddable":true,"href":"https:\/\/www.livrariarema.com.br\/loja\/wp-json\/wp\/v2\/product_tag?post=304919"}],"curies":[{"name":"wp","href":"https:\/\/api.w.org\/{rel}","templated":true}]}}