{"id":304921,"date":"2024-07-04T11:24:54","date_gmt":"2024-07-04T14:24:54","guid":{"rendered":"https:\/\/www.livrariarema.com.br\/loja\/produtos\/sem categoria\/promessa-a-jason-helopoulos\/"},"modified":"2026-02-07T11:21:04","modified_gmt":"2026-02-07T14:21:04","slug":"promessa-a-jason-helopoulos","status":"publish","type":"product","link":"https:\/\/www.livrariarema.com.br\/loja\/produtos\/livros\/infantil\/promessa-a-jason-helopoulos\/","title":{"rendered":"Promessa, A &#8211; Jason Helopoulos"},"content":{"rendered":"<p>Um convite a todas as crian\u00e7as para que vejam Jesus da Cria\u00e7\u00e3o \u00e0 manjedoura<\/p>\n<p>No princ\u00edpio, Deus criou o mundo todo. Depois de seis dias de trabalho, ele havia criado as estrelas no c\u00e9u, os poderosos oceanos, as grandes \u00e1rvores, as lindas flores, as impressionantes criaturas marinhas, e os mais valorosos de toda a cria\u00e7\u00e3o ? Ad\u00e3o e Eva. Criados \u00e0 imagem de Deus, Ad\u00e3o e Eva eram amigos do Senhor. Mas um dia &#8211; o dia mais terr\u00edvel de todos &#8211; chegou: a serpente os enganou e eles pecaram contra Deus. O relacionamento de Ad\u00e3o e Eva com Deus estava arruinado.<\/p>\n<p>Mas Deus deu \u00e0 humanidade uma promessa.<\/p>\n<p>E que grande promessa era essa!<\/p>\n<p>A promessa de salva\u00e7\u00e3o! Ele prometeu que enviaria algu\u00e9m que esmagaria a cabe\u00e7a da serpente mentirosa, algu\u00e9m que libertaria a humanidade de seu pecado, algu\u00e9m que restauraria o relacionamento do homem e da mulher com Deus.<\/p>\n<p>Mas quem tem o poder para fazer isso? Ser\u00e1 que Abra\u00e3o, um grande homem de f\u00e9? Ou quem sabe Mois\u00e9s, um grande profeta? Ou talvez Josu\u00e9, um grande conquistador?<\/p>\n<p>Jason Helopoulos o convida a embarcar numa jornada ao longo das p\u00e1ginas da B\u00edblia em busca do Salvador prometido, desde o jardim do \u00c9den at\u00e9 a manjedoura em Bel\u00e9m. Com ilustra\u00e7\u00f5es cativantes de Rommel Ruiz e uma linguagem de f\u00e1cil compreens\u00e3o, crian\u00e7as e adultos ir\u00e3o se maravilhar ao conhecer aquele que foi prometido ? Jesus Cristo.<\/p>\n","protected":false},"excerpt":{"rendered":"<p>Um convite a todas as crian\u00e7as para que vejam Jesus da Cria\u00e7\u00e3o \u00e0 manjedoura No princ\u00edpio, Deus criou o mundo&hellip;<\/p>\n","protected":false},"featured_media":344077,"comment_status":"open","ping_status":"closed","template":"","meta":[],"product_cat":[144,134],"product_tag":[],"_links":{"self":[{"href":"https:\/\/www.livrariarema.com.br\/loja\/wp-json\/wp\/v2\/product\/304921"}],"collection":[{"href":"https:\/\/www.livrariarema.com.br\/loja\/wp-json\/wp\/v2\/product"}],"about":[{"href":"https:\/\/www.livrariarema.com.br\/loja\/wp-json\/wp\/v2\/types\/product"}],"replies":[{"embeddable":true,"href":"https:\/\/www.livrariarema.com.br\/loja\/wp-json\/wp\/v2\/comments?post=304921"}],"wp:featuredmedia":[{"embeddable":true,"href":"https:\/\/www.livrariarema.com.br\/loja\/wp-json\/wp\/v2\/media\/344077"}],"wp:attachment":[{"href":"https:\/\/www.livrariarema.com.br\/loja\/wp-json\/wp\/v2\/media?parent=304921"}],"wp:term":[{"taxonomy":"product_cat","embeddable":true,"href":"https:\/\/www.livrariarema.com.br\/loja\/wp-json\/wp\/v2\/product_cat?post=304921"},{"taxonomy":"product_tag","embeddable":true,"href":"https:\/\/www.livrariarema.com.br\/loja\/wp-json\/wp\/v2\/product_tag?post=304921"}],"curies":[{"name":"wp","href":"https:\/\/api.w.org\/{rel}","templated":true}]}}