{"id":304923,"date":"2024-07-04T11:25:00","date_gmt":"2024-07-04T14:25:00","guid":{"rendered":"https:\/\/www.livrariarema.com.br\/loja\/produtos\/sem categoria\/saga-wingfeather-a-livro-3-o-monstro-nos-vales-andrew-peterson\/"},"modified":"2026-02-04T14:40:55","modified_gmt":"2026-02-04T17:40:55","slug":"saga-wingfeather-a-livro-3-o-monstro-nos-vales-andrew-peterson","status":"publish","type":"product","link":"https:\/\/www.livrariarema.com.br\/loja\/produtos\/livros\/juvenil\/saga-wingfeather-a-livro-3-o-monstro-nos-vales-andrew-peterson\/","title":{"rendered":"Saga Wingfeather, A: Livro 3: O Monstro Nos Vales &#8211; Andrew Peterson"},"content":{"rendered":"<p>GUERREIROS BARBUDOS.<br \/>\nFRUTAS GOSTOSAS.<br \/>\nE O SEGREDO MORTAL DA COLINA DA CHAMIN\u00c9.<\/p>\n<p>O Reino de Anniera caiu, e a fam\u00edlia real est\u00e1 fugindo. Perseguidos incansavelmente pelos ex\u00e9rcitos de Fangs, liderados por Gnag, o Sem-Nome, Janner e sua fam\u00edlia esperam encontrar ref\u00fagio no \u00faltimo lugar seguro do mundo: Vales Verdes, uma terra de frutas deliciosas, bravamente protegida por guerreiros temidos at\u00e9 mesmo pelos Fangs de Dang.<\/p>\n<p>Mas um novo problema amea\u00e7a a esperan\u00e7a da fam\u00edlia Igiby por paz: o irm\u00e3o mais novo de Janner, Kalmar &#8211; herdeiro do trono de Anniera -, agora tem um rabo. E pelagem cinza. Isso para n\u00e3o falar das duas orelhas pontudas e compridas, ou das perigosas garras. Para o povo desconfiado de Vales Verdes, ele se parece com um monstro. Janner, por\u00e9m, sabe que ele n\u00e3o \u00e9 tal coisa. Seu irm\u00e3o n\u00e3o \u00e9 t\u00e3o assustador quanto parece. Kalmar \u00e9 perfeitamente inofensivo.<\/p>\n<p>Ser\u00e1 mesmo?<\/p>\n<p>O terceiro livro da premiada A Saga Wingfeather leva a fam\u00edlia Igiby &#8211; e seus leitores &#8211; a uma nova e arrebatadora aventura, cheia de mist\u00e9rios, trai\u00e7\u00f5es e dissimula\u00e7\u00f5es. H\u00e1 um monstro em Vales, e a verdade espreita pelas sombras.<\/p>\n<p>ANDREW PETERSON \u00e9 cantor e compositor aclamado pela cr\u00edtica e pelo p\u00fablico, al\u00e9m de ser o autor da premiada A Saga Wingfeather. \u00c9 tamb\u00e9m o fundador da Rabbit Room, uma organiza\u00e7\u00e3o que nutre comunidades por meio de hist\u00f3rias, arte e m\u00fasica. Ele e sua esposa, Jamie, t\u00eam tr\u00eas filhos e vivem em Nashville, nos EUA.<\/p>\n","protected":false},"excerpt":{"rendered":"<p>GUERREIROS BARBUDOS. FRUTAS GOSTOSAS. E O SEGREDO MORTAL DA COLINA DA CHAMIN\u00c9. O Reino de Anniera caiu, e a fam\u00edlia&hellip;<\/p>\n","protected":false},"featured_media":344079,"comment_status":"open","ping_status":"closed","template":"","meta":[],"product_cat":[184,134],"product_tag":[],"_links":{"self":[{"href":"https:\/\/www.livrariarema.com.br\/loja\/wp-json\/wp\/v2\/product\/304923"}],"collection":[{"href":"https:\/\/www.livrariarema.com.br\/loja\/wp-json\/wp\/v2\/product"}],"about":[{"href":"https:\/\/www.livrariarema.com.br\/loja\/wp-json\/wp\/v2\/types\/product"}],"replies":[{"embeddable":true,"href":"https:\/\/www.livrariarema.com.br\/loja\/wp-json\/wp\/v2\/comments?post=304923"}],"wp:featuredmedia":[{"embeddable":true,"href":"https:\/\/www.livrariarema.com.br\/loja\/wp-json\/wp\/v2\/media\/344079"}],"wp:attachment":[{"href":"https:\/\/www.livrariarema.com.br\/loja\/wp-json\/wp\/v2\/media?parent=304923"}],"wp:term":[{"taxonomy":"product_cat","embeddable":true,"href":"https:\/\/www.livrariarema.com.br\/loja\/wp-json\/wp\/v2\/product_cat?post=304923"},{"taxonomy":"product_tag","embeddable":true,"href":"https:\/\/www.livrariarema.com.br\/loja\/wp-json\/wp\/v2\/product_tag?post=304923"}],"curies":[{"name":"wp","href":"https:\/\/api.w.org\/{rel}","templated":true}]}}